{"id":882,"date":"2021-04-06T13:45:10","date_gmt":"2021-04-06T17:45:10","guid":{"rendered":"https:\/\/futureboundmiami.org\/kwen-pwofese-a\/"},"modified":"2021-07-20T10:47:47","modified_gmt":"2021-07-20T14:47:47","slug":"kwen-pwofese-a","status":"publish","type":"page","link":"https:\/\/futureboundmiami.org\/ht\/kwen-pwofese-a\/","title":{"rendered":"Kwen pwofese a"},"content":{"rendered":"<div class=\"wpb-content-wrapper\"><p>\n          [vc_row][vc_column width=&#8221;1\/6&#8243;][vc_row_inner][vc_column_inner][\/vc_column_inner][\/vc_row_inner][\/vc_column][vc_column width=&#8221;2\/3&#8243; css=&#8221;.vc_custom_1573096454964{padding-right: 5% !important;padding-left: 5% !important;}&#8221;][vc_custom_heading text=&#8221;Pou pwofese \/ patne salklas&#8221; font_container=&#8221;tag:h1|font_size:32px|text_align:center|color:%234dbb83&#8243; use_theme_fonts=&#8221;yes&#8221;][vc_column_text]Lek\u00f2l nou yo ak edikat\u00e8 nou yo jwe yon w\u00f2l enp\u00f2tan anpil nan ede timoun yo ak fanmi yo f\u00e8 ekonomi pou avni yo.<\/p>\n<p>P\u00e8son\u00e8l lek\u00f2l la, pwofes\u00e8 yo ak administrat\u00e8 yo se patn\u00e8 kle nan Future Bound Miami, e yo enp\u00f2tan anpil pou ede fanmi yo ak timoun gen aks\u00e8 a resous finansy\u00e8, e konprann benefis ke enskri nan yon pwogram Kont Epay pou Timoun bay.<\/p>\n<p>Nou pran angajman pou pataje resous ak sipote pwofese nou yo pou yo ka kontinye ankouraje literacy finansye nan sal klas la an kolaborasyon avek Junior Achivman. Nan moman an, nap travay ak Miami-Dade County Public Schools ki alimante pa senk lek\u00f2l segond\u00e8 ki twouve yo nan vil Miami an.<\/p>\n<p>Nou bay fomasyon ap viv ak pwofese ak administrate yo pataje denye pwogram epi bay literacy finansye &#8220;Lanse Leson&#8221; ki ka itilize nan salklas la. F\u00f2masyon pou pwofes\u00e8 nou yo kapab jwenn aks\u00e8 tou si <a href=\"https:\/\/www.google.com\/url?q=http:\/\/socialsciences.dadeschools.net\/%23!\/rightColumn\/2366&amp;sa=D&amp;source=hangouts&amp;ust=1614895597865000&amp;usg=AFQjCNFXzlmH3vzzg3biJ_mfIyyPWIPj0w\" target=\"_blank\" rel=\"noopener noreferrer\">M-DCPS Portal Syans Sosyal.<\/a><\/p>\n<p>Si ou pa te deja pwograme fiti Ou Limit Miami\/Junior Achivman finansye edikasyon finansye, tanpri lonje lamen ba nou pou sipote yo fe sa.[\/vc_column_text][vc_custom_heading text=&#8221;Leson pou k\u00f2manse yo enkli:&#8221; font_container=&#8221;tag:h4|font_size:20|text_align:center|color:%23000000&#8243; use_theme_fonts=&#8221;yes&#8221;][vc_column_text]<\/p>\n<div class=\"lessons-learned\">\n<ul>\n<li class=\"background-red\">\n<div>Kijan yon moun ganye revni<\/div>\n<\/li>\n<li class=\"background-yellow\">\n<div>Enp\u00f2tans f\u00e8 ekonomi<\/div>\n<\/li>\n<li class=\"background-orange\">\n<div>Fason pou ekonomize lajan<\/div>\n<\/li>\n<li class=\"background-green\">\n<div>Pouswuiv yon kary\u00e8<\/div>\n<\/li>\n<\/ul><\/div>\n<p>[\/vc_column_text][vc_btn title=&#8221;<br \/>\n          <strong>Gade fomasyon an prentan 2021 pwofese!<\/strong><br \/>\n        &#8221; color=&#8221;black&#8221; align=&#8221;center&#8221; link=&#8221;url:https%3A%2F%2Fnam10.safelinks.protection.outlook.com%2Fap%2Fp-59584e83%2F%3Furl%3Dhttps%253A%252F%252Fmiamidadeschools-my.sharepoint.com%252F%253Ap%253A%252Fg%252Fpersonal%252F215406_dadeschools_net%252FEcD4IFZqgFRLilbjOvIs0mABlqzFiUzn4RQyd1XJ5n4tow%253Fe%253DfqViy2%26data%3D04%257C01%257CMDelgado4%2540dadeschools.net%257Cf8d0df1857fe422286cd08d8c9ee9fe6%257C4578f68f86cd4af9b31793e3826ca0f5%257C0%257C0%257C637481374169090458%257CUnknown%257CTWFpbGZsb3d8eyJWIjoiMC4wLjAwMDAiLCJQIjoiV2luMzIiLCJBTiI6Ik1haWwiLCJXVCI6Mn0%253D%257C1000%26sdata%3Ds85SyLDUkANV3QvWjB9UPhluu6bb48GlMzgULBjoeH4%253D%26reserved%3D0|&#8221;][vc_empty_space][\/vc_column][vc_column width=&#8221;1\/6&#8243;][\/vc_column][\/vc_row]<br \/>\n          [vc_row][vc_column css=&#8221;.vc_custom_1615827413091{background-color: #4dbb7b !important;}&#8221;][vc_column_text]<\/p>\n<h1 style=\"text-align: center\">\n            <span style=\"color: #ffffff\">MANKE SOTI SOU RASIN PEP NOU AN?<br \/>\nKlike sou anba a yo delivre plezi a!<\/span><br \/>\n          <\/h1>\n<p>[\/vc_column_text][vc_video link=&#8221;https:\/\/youtu.be\/Kpxyoc7NJ9k&#8221; el_width=&#8221;50&#8243; align=&#8221;center&#8221;][\/vc_column][\/vc_row]<br \/>\n          [vc_row css=&#8221;.vc_custom_1573097286946{padding-right: 5% !important;padding-left: 5% !important;}&#8221;][vc_column width=&#8221;1\/6&#8243;][\/vc_column][vc_column width=&#8221;2\/3&#8243; css=&#8221;.vc_custom_1573161687739{margin-bottom: 2em !important;}&#8221;][vc_custom_heading text=&#8221;Kesyon?&#8221; font_container=&#8221;tag:h4|font_size:20|text_align:center|color:%23000000&#8243; use_theme_fonts=&#8221;yes&#8221;][vc_column_text]Pou plis enfomasyon, kontakte administrasyon lekol ou a oswa Chris Moreno, Direkte Ekonomi Timoun yo, nan 786-414-1302 oswa <a href=\"mailto:ChrisM@CatalystMiami.org\">ChrisM@CatalystMiami.org<\/a>[\/vc_column_text][\/vc_column][vc_column width=&#8221;1\/6&#8243;][\/vc_column][\/vc_row]\n          <\/p>\n<\/div>","protected":false},"excerpt":{"rendered":"<p>[vc_row][vc_column width=&#8221;1\/6&#8243;][vc_row_inner][vc_column_inner][\/vc_column_inner][\/vc_row_inner][\/vc_column][vc_column width=&#8221;2\/3&#8243; css=&#8221;.vc_custom_1573096454964{padding-right: 5% !important;padding-left: 5% !important;}&#8221;][vc_custom_heading text=&#8221;Pou pwofese \/ patne salklas&#8221; font_container=&#8221;tag:h1|font_size:32px|text_align:center|color:%234dbb83&#8243; use_theme_fonts=&#8221;yes&#8221;][vc_column_text]Lek\u00f2l nou yo ak edikat\u00e8 nou yo jwe yon w\u00f2l enp\u00f2tan anpil nan ede timoun yo ak fanmi yo f\u00e8 ekonomi pou avni yo. P\u00e8son\u00e8l lek\u00f2l la, pwofes\u00e8 yo ak administrat\u00e8 yo se patn\u00e8 kle nan Future Bound Miami, e yo [&hellip;]<\/p>\n","protected":false},"author":6,"featured_media":770,"parent":0,"menu_order":0,"comment_status":"closed","ping_status":"closed","template":"","meta":{"footnotes":""},"class_list":["post-882","page","type-page","status-publish","has-post-thumbnail","hentry"],"_links":{"self":[{"href":"https:\/\/futureboundmiami.org\/ht\/wp-json\/wp\/v2\/pages\/882","targetHints":{"allow":["GET"]}}],"collection":[{"href":"https:\/\/futureboundmiami.org\/ht\/wp-json\/wp\/v2\/pages"}],"about":[{"href":"https:\/\/futureboundmiami.org\/ht\/wp-json\/wp\/v2\/types\/page"}],"author":[{"embeddable":true,"href":"https:\/\/futureboundmiami.org\/ht\/wp-json\/wp\/v2\/users\/6"}],"replies":[{"embeddable":true,"href":"https:\/\/futureboundmiami.org\/ht\/wp-json\/wp\/v2\/comments?post=882"}],"version-history":[{"count":12,"href":"https:\/\/futureboundmiami.org\/ht\/wp-json\/wp\/v2\/pages\/882\/revisions"}],"predecessor-version":[{"id":1677,"href":"https:\/\/futureboundmiami.org\/ht\/wp-json\/wp\/v2\/pages\/882\/revisions\/1677"}],"wp:featuredmedia":[{"embeddable":true,"href":"https:\/\/futureboundmiami.org\/ht\/wp-json\/wp\/v2\/media\/770"}],"wp:attachment":[{"href":"https:\/\/futureboundmiami.org\/ht\/wp-json\/wp\/v2\/media?parent=882"}],"curies":[{"name":"wp","href":"https:\/\/api.w.org\/{rel}","templated":true}]}}