{"id":482,"date":"2019-12-10T13:27:19","date_gmt":"2019-12-10T18:27:19","guid":{"rendered":"https:\/\/futureboundmiami.org\/ki-jan-li-fonksyone\/"},"modified":"2021-07-29T16:29:33","modified_gmt":"2021-07-29T20:29:33","slug":"ki-jan-li-fonksyone","status":"publish","type":"page","link":"https:\/\/futureboundmiami.org\/ht\/ki-jan-li-fonksyone\/","title":{"rendered":"K\u00d2MAN SA FONKSYONE"},"content":{"rendered":"<div class=\"wpb-content-wrapper\"><p>\n          [vc_row][vc_column width=&#8221;1\/6&#8243;][vc_row_inner][vc_column_inner][\/vc_column_inner][\/vc_row_inner][\/vc_column][vc_column width=&#8221;2\/3&#8243; css=&#8221;.vc_custom_1573096454964{padding-right: 5% !important;padding-left: 5% !important;}&#8221;][vc_custom_heading text=&#8221;Pou Paran \/ Gadyen&#8221; font_container=&#8221;tag:h1|font_size:32px|text_align:center|color:%234dbb83&#8243; use_theme_fonts=&#8221;yes&#8221;][vc_column_text]Future Bound Miami se yon Pwogram (CSA -Children\u2019s Savings Account) ki vle di Kont Epay pou Timoun, ki bay yon mwayen senp e efikas pou louvri yon kont epay pou ede timoun ou an preparel, pou iniv\u00e8site oubyen l\u00f2t op\u00f2tinite edikasyon apre lek\u00f2l segond\u00e8, l\u00e8 li fin gradye.<\/p>\n<p>Li kapab yon defi pou konseve pou edikasyon apre akouchman men komanse bone kapab fe tout diferans ki genyen nan fiti pitit ou a. Rechech montre ke timoun ki gen kont ekonomi ak tankou ti kom $ 1 yo gen plis chans yo pouswiv edikasyon postsecondary.<\/p>\n<p><span style=\"color: #262626;\">Se pout\u00e8t sa yon consortium nan kominote san bi likratif te lanse Future Bound Miami an<\/span> Pwogram CSA an kolaborasyon av\u00e8k Lek\u00f2l Leta Miami-Dade County (M-DCPS).<\/p>\n<p>Future Bound Miami se yon inisyativ epay, ki elabore pou f\u00e8 edikasyon apre lek\u00f2l segond\u00e8 pi aksesib, e avanse op\u00f2tinite ekonomik pou fanmi ak timoun nan Miami-Dade County yo.<\/p>\n<p>Tout elev ki kalifye nan Miami-Dade County Public Schools pral gen opotinite pou patisipe ak kreye yon kont ekonomi avek kontribisyon pwogram, kelkeswa nivo revni oswa estati imigrasyon.<\/p>\n<p>Vizite paj <a href=\"https:\/\/futureboundmiami.org\/ht\/paj-paran\/\" target=\"_blank\" rel=\"noopener\">Paran<\/a> nou an pou resous ak anons jis pou ou![\/vc_column_text][vc_custom_heading text=&#8221;Kiy\u00e8s ki kalifye?&#8221; font_container=&#8221;tag:h3|font_size:24|text_align:center|color:%23000000&#8243; use_theme_fonts=&#8221;yes&#8221;][vc_column_text]Future Bound Miami louvri pou elev kindegadenn yo ale nan lekol elemante ki manje nan douz lekol segonde nan Miami-Dade County Public Schools. Nan senk ane kap vini yo, objektif nou se fe pwogram sa a disponib pou tout elev kindegadenn kindegadenn yo ale nan lekol piblik nan M-DCPS.[\/vc_column_text]\n\t\t\t\t<section class=\"expand-item js-expand-item\">\n\t\t\t\t  <div class=\"expand-item__icon\"><\/div>\n\t\t\t\t  <div class=\"expand-item__text js-expand-item-off\">\n\t\t\t\t\tLis lekol ki ap patisipe\n\t\t\t\t  <\/div>\n\t\t\t\t  <div class=\"expand-item__text js-expand-item-on\"><p>Ada Merritt K-8 Center<br \/>\nAventura Waterways Elementary<br \/>\nAvocado Elementary<br \/>\nBel-Aire Elementary<br \/>\nBent Tree Elementary<br \/>\nBunche Park Elementary<br \/>\nCaribbean K-8 Center<br \/>\nCharles R Drew K-8 Sant<br \/>\nCharles Whyce Elementary<br \/>\nCitrus Grove Elementary<br \/>\nComstock Elementary<br \/>\nCoral Terrace Elementary<br \/>\nCoral Way K-8 Center<br \/>\nCrestview Elementary<br \/>\nCutler Ridge Elementary<br \/>\nDavid Fairchild Elementary<br \/>\nDr. Edward I. Whigham Elementary<br \/>\nDr. William A. Chapman Elementary<br \/>\nEarlington Heights Elementary<br \/>\nEdison Park K-8 Center<br \/>\nEmerson Elementary<br \/>\nEneida M. Hartner Elementary<br \/>\nEthel Koger Beckham Elementary<br \/>\nFlagami Elementary<br \/>\nFrederick Douglass Elementary<br \/>\nGoulds Elementary<br \/>\nGreenglade Elementary<br \/>\nGulfstream Elementary<br \/>\nHibiscus Elementary<br \/>\nHighLand Oaks Elementary<br \/>\nHolmes Elementary<br \/>\nJack David Gordon Elementary<br \/>\nJesse J. McCrary Jr. Elementary<br \/>\nJoe Hall Elementary<br \/>\nJoella Elementary<br \/>\nKelsey L. Pharr Elementary<br \/>\nKensington Park Elementary<br \/>\nLenora B. Smith Elementary<br \/>\nLiberty City Elementary<br \/>\nLillie C. Evans K-8 Center<br \/>\nLudlam Elementary<br \/>\nMadie Ives Elementary<br \/>\nMarjory Stoneman Douglas Elementary<br \/>\nMaya Angelou Elementary<br \/>\nMelrose Elementary<br \/>\nMiami Heights Elementary<br \/>\nMyrtle Grove Elementary<br \/>\nNorland Elementary<br \/>\nNorwood Elementary<br \/>\nOlinda Elementary<br \/>\nOrchard Villa Elementary<br \/>\nPalm Springs North Elementary<br \/>\nParkView Elementary<br \/>\nParkway Elementary<br \/>\nPaul L. Dunbar K-8 Center<br \/>\nPhyllis R Miller Elementary<br \/>\nPhyllis Wheatley Elementary<br \/>\nPine Lake Elementary<br \/>\nPine Villa Elementary<br \/>\nPoinciana Park Elementary<br \/>\nRedland Elementary<br \/>\nRedondo Elementary<br \/>\nRiverside Elementary<br \/>\nRoyal Green Elementary<br \/>\nSanta Clara Elementary<br \/>\nScott Lake Elementary<br \/>\nShadowlawn Elementary<br \/>\nShenandoah Elementary<br \/>\nSouth Miami Heights Elementary<br \/>\nSouth Miami K-8 Center<br \/>\nSouthside Elementary<br \/>\nSpanish Lakes Elementary<br \/>\nSylvania Heights Elementary<br \/>\nToussaint L&#8217; Ouverture Elementary<br \/>\nVillage Green Elementary<br \/>\nWest Homestead K-8 Center<br \/>\nWhispering Pines Elementary<br \/>\nZora Neale Hurston Elementary<\/p>\n\n\t\t\t\t  <\/div>\n\t\t\t<\/section>[vc_empty_space][\/vc_column][vc_column width=&#8221;1\/6&#8243;][\/vc_column][\/vc_row]<br \/>\n          [vc_row][vc_column]\n\t\t<section class=\"benefit-list\" style=\"background-color: #f73759\">\n\t\t\t<div class=\"benefit-list__wrapper\">\n\t      <h2 class=\"benefit-list__heading\">Kijan sa fonksyone<\/h2>\n\t      <ol class=\"benefit-list__list bullet-red\"><li class=\"benefit-list__item benefit-list__item--1\">Mete kanpe kont <a href=\"https:\/\/www3.dadeschools.net\/parents\" target=\"_blank\" rel=\"nofollow\">M-DCPS Parent Portal<\/a> ou a epi konekte pitit ou a nan kont sa.<\/li><li class=\"benefit-list__item benefit-list__item--2\">Aksede a P\u00f2tay Paran M-DCPS la an liy, pou aktive kont Future Bound Miami ou an soti 16 Mas pou rive 17 Avril 2020. Nan 48 \u00e8 apre aktivasyon kont la, el\u00e8v yo kalifye pou resevwa jiska $50 depo sou kont la, se yon semans ankourajman inisyal. Wap resevwa enf\u00f2masyon kons\u00e8nan ankourajman adisyon\u00e8l el\u00e8v yo ka ganye pandan ane akademik la.<\/li><li class=\"benefit-list__item benefit-list__item--3\">Vizite yon branch EdFed (fomelman Sid Florida Edikasyon Federal Credit Union oswa SFEFCU) toupre ou epi fe premye paran ou deposit nan Kont Florid Bound Miami.<\/li><\/ol><div class=\"benefit-list__actions\">\n\t\t\t\t\t<a href=\"https:\/\/www3.dadeschools.net\/parents\" class=\"benefit-list__button\"target=\"_blank\">Already enrolled? Access your Savings Tracker here<\/a><\/div><\/div>\n\t\t<\/section>[\/vc_column][\/vc_row]<br \/>\n          [vc_row][vc_column]\n\t\t<section class=\"benefit-list\" style=\"background-color: \">\n\t\t\t<div class=\"benefit-list__wrapper\">\n\t      <h2 class=\"benefit-list__heading\">Poukisa yon pwogram CSA?<\/h2>\n\t      <ol class=\"benefit-list__list bullet-green\"><li class=\"benefit-list__item benefit-list__item--1\">Miltipliye ekonomi ki gen pou f\u00e8t alavni yo, ak plis ankourajman ke yap ofri pandan tan ap pase. <\/li><li class=\"benefit-list__item benefit-list__item--2\">F\u00e8 pati de yon inisyativ ekonomi kominot\u00e8 ki bay sip\u00f2, resous ak edikasyon finansye. <\/li><li class=\"benefit-list__item benefit-list__item--3\">Ogmante chans siks\u00e8 akademik timoun ou an, e jwenn edikasyon apre lek\u00f2l segond\u00e8. <\/li><li class=\"benefit-list__item benefit-list__item--4\">Enspire yon konv\u00e8sasyon fanmi ak objektif alantou lajan ak ekonomi.<\/li><\/ol><\/div>\n\t\t<\/section>[\/vc_column][\/vc_row]<br \/>\n          [vc_row][vc_column]\n\t\t<section class=\"benefit-list\" style=\"background-color: #f36e21\">\n\t\t\t<div class=\"benefit-list__wrapper\">\n\t      <h2 class=\"benefit-list__heading\">Yon Mey\u00e8 Demen K\u00f2manse Ak Ekonomi<\/h2>\n\t      <ol class=\"benefit-list__list bullet-disable\"><li class=\"benefit-list__item benefit-list__item--1\"><strong>Komanse bon\u00e8 bay bon rezilta.<\/strong> L\u00e8w gen yon Kont Epay pou Timoun, sa p\u00e8m\u00e8t ou miltiplitye ekonomi ou yo, resevwa sip\u00f2 finansy\u00e8, e bay timoun ou yo ekzanp bonjan pratik f\u00e8 ekonomi.\n<\/li><li class=\"benefit-list__item benefit-list__item--2\"><strong>Envesti nan pitit ou bon\u00e8 voye yon mesaj pozitif.<\/strong> Timoun ki gen yon kont epay ki gen jis $1 pou rive $499, gen twa fwa plis chans enskri nan iniv\u00e8site, e plis pase kat fwa plis chans gradye ak yon dipl\u00f2m.<\/li><li class=\"benefit-list__item benefit-list__item--3\"><strong>Ekonomize kreye lib\u00e8te finansye.<\/strong> Ekonomize plis kounye a ka diminye d\u00e8t el\u00e8v yo. El\u00e8v ki gradye nan edikasyon apre lek\u00f2l segond\u00e8 yo gen plis chans tou pou yo jwenn pi wo sal\u00e8 epi yo ap travay sou pery\u00f2d tan ki pi long.<\/li><\/ol><\/div>\n\t\t<\/section>[\/vc_column][\/vc_row]<br \/>\n          [vc_row css=&#8221;.vc_custom_1573097286946{padding-right: 5% !important;padding-left: 5% !important;}&#8221;][vc_column width=&#8221;1\/6&#8243;][\/vc_column][vc_column width=&#8221;2\/3&#8243; css=&#8221;.vc_custom_1573161687739{margin-bottom: 2em !important;}&#8221;][vc_custom_heading text=&#8221;Pou Pwofes\u00e8 yo \/ Patn\u00e8 Klas yo&#8221; font_container=&#8221;tag:h2|font_size:24|text_align:center|color:%234dbb83&#8243; use_theme_fonts=&#8221;yes&#8221; css=&#8221;.vc_custom_1573155793637{margin-top: 3rem !important;}&#8221;][vc_column_text]<\/p>\n<p style=\"text-align: center;\">Vizite nouvo Paj <a href=\"http:\/\/www.futureboundmiami.org\/teachers\">Enstrikte<\/a> nou an jis pou ou!<\/p>\n<p>[\/vc_column_text][vc_custom_heading text=&#8221;Pou Patn\u00e8 Kominot\u00e8 yo&#8221; font_container=&#8221;tag:h2|font_size:24|text_align:center|color:%234dbb83&#8243; use_theme_fonts=&#8221;yes&#8221;][vc_column_text]Manm kominote yo, biznis yo, ak oganizasyon yo se kle pou sikse nan pwogram Ekonomi Pou Bond Miami an. Li se atrave patenarya ke nou yo kapab amelyore literacy finansye ak bati plis kontribisyon pwogram nan pwogram nou an.<\/p>\n<p>Nou envite ou pou kontakte nou pou opotinite pou volonte, pwogram lame, bay kontribisyon pwogram, oswa resous finansye pou timoun ak fanmi yo nan kominote nou an.<\/p>\n<p>Ansanm, nou ka kreye plis op\u00f2tinite pou chak timoun reyisi.[\/vc_column_text][vc_custom_heading text=&#8221;Ki jan yo patisipe&#8221; font_container=&#8221;tag:h4|font_size:20|text_align:center|color:%23000000&#8243; use_theme_fonts=&#8221;yes&#8221;][vc_column_text]Pou patisipe, kontakte Chris Moreno, Direkt\u00e8 Savings Timoun yo, nan 786-414-1302 oswa <a href=\"mailto:ChrisM@CatalystMiami.org\">ChrisM@CatalystMiami.org<\/a>[\/vc_column_text][\/vc_column][vc_column width=&#8221;1\/6&#8243;][\/vc_column][\/vc_row]\n          <\/p>\n<\/div>","protected":false},"excerpt":{"rendered":"<p>[vc_row][vc_column width=&#8221;1\/6&#8243;][vc_row_inner][vc_column_inner][\/vc_column_inner][\/vc_row_inner][\/vc_column][vc_column width=&#8221;2\/3&#8243; css=&#8221;.vc_custom_1573096454964{padding-right: 5% !important;padding-left: 5% !important;}&#8221;][vc_custom_heading text=&#8221;Pou Paran \/ Gadyen&#8221; font_container=&#8221;tag:h1|font_size:32px|text_align:center|color:%234dbb83&#8243; use_theme_fonts=&#8221;yes&#8221;][vc_column_text]Future Bound Miami se yon Pwogram (CSA -Children\u2019s Savings Account) ki vle di Kont Epay pou Timoun, ki bay yon mwayen senp e efikas pou louvri yon kont epay pou ede timoun ou an preparel, pou iniv\u00e8site oubyen l\u00f2t op\u00f2tinite edikasyon apre [&hellip;]<\/p>\n","protected":false},"author":1,"featured_media":91,"parent":0,"menu_order":0,"comment_status":"closed","ping_status":"closed","template":"","meta":{"footnotes":""},"class_list":["post-482","page","type-page","status-publish","has-post-thumbnail","hentry"],"_links":{"self":[{"href":"https:\/\/futureboundmiami.org\/ht\/wp-json\/wp\/v2\/pages\/482","targetHints":{"allow":["GET"]}}],"collection":[{"href":"https:\/\/futureboundmiami.org\/ht\/wp-json\/wp\/v2\/pages"}],"about":[{"href":"https:\/\/futureboundmiami.org\/ht\/wp-json\/wp\/v2\/types\/page"}],"author":[{"embeddable":true,"href":"https:\/\/futureboundmiami.org\/ht\/wp-json\/wp\/v2\/users\/1"}],"replies":[{"embeddable":true,"href":"https:\/\/futureboundmiami.org\/ht\/wp-json\/wp\/v2\/comments?post=482"}],"version-history":[{"count":42,"href":"https:\/\/futureboundmiami.org\/ht\/wp-json\/wp\/v2\/pages\/482\/revisions"}],"predecessor-version":[{"id":1731,"href":"https:\/\/futureboundmiami.org\/ht\/wp-json\/wp\/v2\/pages\/482\/revisions\/1731"}],"wp:featuredmedia":[{"embeddable":true,"href":"https:\/\/futureboundmiami.org\/ht\/wp-json\/wp\/v2\/media\/91"}],"wp:attachment":[{"href":"https:\/\/futureboundmiami.org\/ht\/wp-json\/wp\/v2\/media?parent=482"}],"curies":[{"name":"wp","href":"https:\/\/api.w.org\/{rel}","templated":true}]}}