{"id":475,"date":"2019-12-10T11:58:22","date_gmt":"2019-12-10T16:58:22","guid":{"rendered":"https:\/\/futureboundmiami.org\/home\/"},"modified":"2022-11-18T17:41:52","modified_gmt":"2022-11-18T22:41:52","slug":"home","status":"publish","type":"page","link":"https:\/\/futureboundmiami.org\/ht\/","title":{"rendered":"Lakay"},"content":{"rendered":"<div class=\"wpb-content-wrapper\"><p>[vc_row][vc_column width=&#8221;1\/6&#8243;][\/vc_column][vc_column width=&#8221;2\/3&#8243; css=&#8221;.vc_custom_1572537439610{padding-right: 5% !important;padding-left: 5% !important;}&#8221;][vc_column_text]<\/p>\n<h2 style=\"text-align: center;\"><span class=\"Y2IQFc\" lang=\"ht\">KIJAN LI TRAVAY<\/span><\/h2>\n<p><span style=\"font-weight: 400;\">Yon k\u00f2mansman bon\u00e8 se kle l\u00e8 li rive tan pou ekonomize pou siks\u00e8 pitit nou yo. <\/span><span style=\"font-weight: 400;\">Future Bound Miami, Kont Epay pou Timoun yo (CSA), se yon zouti ekonomi gratis pou edikasyon apre lek\u00f2l segond\u00e8 ak kontribisyon pwogram, ki disponib pou el\u00e8v jadendanfan ki elijib nan Lek\u00f2l Leta Miami-Dade County (M-DCPS). Aktive kont ou ak lek\u00f2l pitit ou a epi yo pral mete jiska $50 nan yon depo inisyal sou kont lan. Lek\u00f2l pitit ou a ap voye plis enf\u00f2masyon lakay ou sou fason pou aktive yon kont pou pitit ou a pandan ane lek\u00f2l la.<\/span>[\/vc_column_text][vc_column_text]<\/p>\n<h2 style=\"text-align: center;\">Kiy\u00e8s ki kalifye?<\/h2>\n<p><span style=\"font-weight: 400;\">Apati ane lek\u00f2l 2022-2023 la, Future Bound Miami disponib pou el\u00e8v jadendanfan\u00a0<\/span><span style=\"font-weight: 400;\">nan lek\u00f2l prim\u00e8 piblik ak nan sant K-8 k ap patisipe yo atrav\u00e8 M-DCPS. Gade kat ki\u00a0<\/span><span style=\"font-weight: 400;\">anba a pou w w\u00e8 si lek\u00f2l pitit ou a ap patisipe nan Future Bound Miami.<\/span>[\/vc_column_text][vc_gmaps link=&#8221;#E-8_JTNDaWZyYW1lJTIwc3JjJTNEJTIyaHR0cHMlM0ElMkYlMkZ3d3cuZ29vZ2xlLmNvbSUyRm1hcHMlMkZkJTJGdSUyRjAlMkZlbWJlZCUzRm1pZCUzRDFyLUpZVVNJeUR1RHJVbkJTQW9JOWNEY0gtRV9LbUtTOSUyNmVoYmMlM0QyRTMxMkYlMjIlMjB3aWR0aCUzRCUyMjY0MCUyMiUyMGhlaWdodCUzRCUyMjQ4MCUyMiUzRSUzQyUyRmlmcmFtZSUzRQ==&#8221; size=&#8221;&#8221; title=&#8221;KAT JEYOGRAFIK LEK\u00d2L KI AP PATISIPE NAN FUTURE BOUND MIAMI&#8221;][vc_column_text]<\/p>\n<p style=\"text-align: center;\"><span style=\"font-weight: 400;\">Klike sou lyen ki anba a pou w w\u00e8 yon lis lek\u00f2l k ap patisipe nan Future Bound Miami<\/span><\/p>\n<h3 style=\"text-align: center;\"><a href=\"https:\/\/futureboundmiami.org\/wp-content\/uploads\/2022\/08\/2022-2023-Participating-Schools.pdf\"><span class=\"Y2IQFc\" lang=\"ht\">Lis Lek\u00f2l k ap patisipe nan Future Bound Miami<\/span><\/a><\/h3>\n<h3 style=\"text-align: center;\"><\/h3>\n<p>[\/vc_column_text][\/vc_column][vc_column width=&#8221;1\/6&#8243;][\/vc_column][\/vc_row][vc_row][vc_column]\n\t\t<section class=\"block-list\">\n\t\t\t<div class=\"block-list__wrapper\">\n\t      <h2 class=\"block-list__heading\">LI FASIL POU W ENSKRI. K\u00f2manse jodi a!<\/h2>\n\t      <ul class=\"block-list__list\">\n\t\t      <li class=\"block-list__item block-list__item--1\">1. Siyen epi retounen Fom Konsantman yo Voye Lakay pa Lekol Pitit ou a<\/li>\n\t\t      <li class=\"block-list__item block-list__item--2\">2. Aktive Tracker Kont Epay ou atrave Potay Elev M-DCPS la<\/li>\n\t\t      <li class=\"block-list__item block-list__item--3\">3. F\u00e8 Premye Depo nan kont Future Bound Miami<\/li>\n\t\t\t\t<\/ul>\n\t      <a href=\"https:\/\/futureboundmiami.org\/wp-content\/uploads\/2022\/11\/Future-Bound-Miami-Parent-Brochure-1.pdf\" class=\"block-list__button\"target=\"_blank\">K\u00f2manse Jodi a!<\/a>\n\t      <div class=\"block-list__text\"><\/div>\n\t\t\t<\/div>\n    <\/section>[\/vc_column][\/vc_row][vc_row gap=&#8221;20&#8243; css=&#8221;.vc_custom_1583942037487{margin-right: 5% !important;margin-bottom: 2rem !important;margin-left: 5% !important;}&#8221;][vc_column][vc_column_text css=&#8221;.vc_custom_1668807969145{margin-top: 4rem !important;margin-bottom: 1rem !important;}&#8221;]<\/p>\n<h1 style=\"text-align: center;\">Resous<\/h1>\n<h4 style=\"text-align: center;\"><a href=\"https:\/\/futureboundmiami.org\/wp-content\/uploads\/2022\/11\/Future-Bound-Miami-Parent-Brochure-1.pdf\"><span class=\"Y2IQFc\" lang=\"ht\">Li Liv Aktivasyon an<\/span><\/a><\/h4>\n<h4 style=\"text-align: center;\"><\/h4>\n<p>[\/vc_column_text][vc_row_inner][vc_column_inner][vc_single_image image=&#8221;1922&#8243; alignment=&#8221;center&#8221; onclick=&#8221;custom_link&#8221; css=&#8221;.vc_custom_1660835478716{padding-top: 25px !important;}&#8221;][\/vc_column_inner][vc_column_inner width=&#8221;1\/4&#8243;][\/vc_column_inner][vc_column_inner width=&#8221;1\/2&#8243;][vc_column_text css=&#8221;.vc_custom_1668808099570{padding-right: 0px !important;padding-left: 0px !important;}&#8221;]<\/p>\n<p style=\"text-align: center;\"><span style=\"font-weight: 400;\">Semin\u00e8 vity\u00e8l nou an ak Akademi Paran M-DCPS la pral ede w aprann plis sou <\/span><span style=\"font-weight: 400;\">ouv\u00e8ti kont epay gratis ou a epitou l ap ba w kons\u00e8y jeneral sou ekonomize pou lavni\u00a0<\/span><span style=\"font-weight: 400;\">pitit ou a.Yo ofri sesyon sa yo an angle, pany\u00f2l ak krey\u00f2l ayisyen. <\/span><\/p>\n<p>[\/vc_column_text][\/vc_column_inner][vc_column_inner width=&#8221;1\/4&#8243;][\/vc_column_inner][\/vc_row_inner][vc_row_inner][vc_column_inner width=&#8221;1\/3&#8243;][vc_column_text]<\/p>\n<h4 style=\"text-align: center;\"><strong>English Videos:<\/strong><\/h4>\n<p style=\"text-align: center;\"><a href=\"https:\/\/www.eduvision.tv\/l?etLRORg\">What is Future Bound Miami?<\/a><\/p>\n<p>[\/vc_column_text][\/vc_column_inner][vc_column_inner width=&#8221;1\/3&#8243;][vc_column_text]<\/p>\n<h4 style=\"text-align: center;\"><strong>V\u00eddeos en espa\u00f1ol<\/strong><strong>:<\/strong><\/h4>\n<p style=\"text-align: center;\"><a href=\"https:\/\/www.eduvision.tv\/l?etLROgA\">\u00bfQu\u00e9 es Future Bound Miami?<\/a><\/p>\n<p style=\"text-align: center;\">[\/vc_column_text][\/vc_column_inner][vc_column_inner width=&#8221;1\/3&#8243;][vc_column_text]<\/p>\n<h4 style=\"text-align: center;\"><strong>Videyo Kreyol:<\/strong><\/h4>\n<p style=\"text-align: center;\"><a href=\"https:\/\/www.eduvision.tv\/l?etLROgg\">Ki sa ki Future Bound Miami?<\/a><\/p>\n<p style=\"text-align: center;\"><span style=\"font-weight: 400;\">\u00a0<\/span><\/p>\n<p>[\/vc_column_text][\/vc_column_inner][\/vc_row_inner][vc_single_image image=&#8221;2047&#8243; img_size=&#8221;medium&#8221; alignment=&#8221;center&#8221;][\/vc_column][\/vc_row][vc_row][vc_column][vc_column_text]<\/p>\n<h4 style=\"text-align: center;\"><span class=\"Y2IQFc\" lang=\"ht\">F\u00c8 YON DEPO NAN EDFED<\/span><\/h4>\n<p style=\"text-align: center;\"><span style=\"font-weight: 400;\">F\u00f2<\/span>m\u00e8lman li te ye Sid Florida Edikasyon Federal Kredi Inyon (SFEFCU)<\/p>\n<p style=\"text-align: center;\"><a href=\"https:\/\/rebrand.ly\/EdFedBranches\" target=\"_blank\" rel=\"noopener noreferrer\">Lis Branch EdFed yo<\/a><\/p>\n<p>[\/vc_column_text][\/vc_column][\/vc_row]<\/p>\n<\/div>","protected":false},"excerpt":{"rendered":"<p>[vc_row][vc_column width=&#8221;1\/6&#8243;][\/vc_column][vc_column width=&#8221;2\/3&#8243; css=&#8221;.vc_custom_1572537439610{padding-right: 5% !important;padding-left: 5% !important;}&#8221;][vc_column_text] KIJAN LI TRAVAY Yon k\u00f2mansman bon\u00e8 se kle l\u00e8 li rive tan pou ekonomize pou siks\u00e8 pitit nou yo. Future Bound Miami, Kont Epay pou Timoun yo (CSA), se yon zouti ekonomi gratis pou edikasyon apre lek\u00f2l segond\u00e8 ak kontribisyon pwogram, ki disponib pou el\u00e8v jadendanfan ki [&hellip;]<\/p>\n","protected":false},"author":1,"featured_media":477,"parent":0,"menu_order":0,"comment_status":"closed","ping_status":"closed","template":"","meta":{"footnotes":""},"class_list":["post-475","page","type-page","status-publish","has-post-thumbnail","hentry"],"_links":{"self":[{"href":"https:\/\/futureboundmiami.org\/ht\/wp-json\/wp\/v2\/pages\/475","targetHints":{"allow":["GET"]}}],"collection":[{"href":"https:\/\/futureboundmiami.org\/ht\/wp-json\/wp\/v2\/pages"}],"about":[{"href":"https:\/\/futureboundmiami.org\/ht\/wp-json\/wp\/v2\/types\/page"}],"author":[{"embeddable":true,"href":"https:\/\/futureboundmiami.org\/ht\/wp-json\/wp\/v2\/users\/1"}],"replies":[{"embeddable":true,"href":"https:\/\/futureboundmiami.org\/ht\/wp-json\/wp\/v2\/comments?post=475"}],"version-history":[{"count":197,"href":"https:\/\/futureboundmiami.org\/ht\/wp-json\/wp\/v2\/pages\/475\/revisions"}],"predecessor-version":[{"id":2145,"href":"https:\/\/futureboundmiami.org\/ht\/wp-json\/wp\/v2\/pages\/475\/revisions\/2145"}],"wp:featuredmedia":[{"embeddable":true,"href":"https:\/\/futureboundmiami.org\/ht\/wp-json\/wp\/v2\/media\/477"}],"wp:attachment":[{"href":"https:\/\/futureboundmiami.org\/ht\/wp-json\/wp\/v2\/media?parent=475"}],"curies":[{"name":"wp","href":"https:\/\/api.w.org\/{rel}","templated":true}]}}