{"id":466,"date":"2019-12-10T11:34:46","date_gmt":"2019-12-10T16:34:46","guid":{"rendered":"https:\/\/futureboundmiami.org\/faq\/"},"modified":"2022-11-22T16:06:12","modified_gmt":"2022-11-22T21:06:12","slug":"faq","status":"publish","type":"page","link":"https:\/\/futureboundmiami.org\/ht\/faq\/","title":{"rendered":"FAQ"},"content":{"rendered":"<div class=\"wpb-content-wrapper\"><p>[vc_row][vc_column width=&#8221;1\/6&#8243; css=&#8221;.vc_custom_1574022579449{background-color: #ffffff !important;}&#8221;][\/vc_column][vc_column width=&#8221;2\/3&#8243; css=&#8221;.vc_custom_1574022559930{background-color: #ffffff !important;}&#8221;][vc_custom_heading text=&#8221;Kesyon yo poze souvan&#8221; font_container=&#8221;tag:h2|font_size:30|text_align:center|color:%23e83c5c&#8221; use_theme_fonts=&#8221;yes&#8221; css=&#8221;.vc_custom_1573155837368{margin-top: 3rem !important;}&#8221;][vc_custom_heading text=&#8221;Kalifikasyon ak Patisipasyon&#8221; font_container=&#8221;tag:h3|font_size:24|text_align:center|color:%234dbb83&#8243; use_theme_fonts=&#8221;yes&#8221;]\n\t\t\t\t<section class=\"expand-item js-expand-item\">\n\t\t\t\t  <div class=\"expand-item__icon\"><\/div>\n\t\t\t\t  <div class=\"expand-item__text js-expand-item-off\">\n\t\t\t\t\tKisa Future Bound Miami an ye?\n\t\t\t\t  <\/div>\n\t\t\t\t  <div class=\"expand-item__text js-expand-item-on\"><p>Future Bound Miami se yon pwogram ekonmi, ke yon gwoup \u00f2ganizasyon nan Miami ki fyab, te devlope pou ogmante kantite el\u00e8v nou yo ki gen plan pou ale nan iniv\u00e8site, oubyen lek\u00f2l pwofesyon\u00e8l, apre yo fin gradye nan lek\u00f2l segond\u00e8. Future Bound Miami espere reyalize sa (1) Nan sponsorize kont epay iniv\u00e8s\u00e8l timoun yo, e (2) asiste fanmi yo ak edikasyon finansy\u00e8 e devlope abitid f\u00e8 ekonomi nan mitan timoun, paran yo\/gadyen yo.<\/p>\n\n\t\t\t\t  <\/div>\n\t\t\t<\/section>\n\t\t\t\t<section class=\"expand-item js-expand-item\">\n\t\t\t\t  <div class=\"expand-item__icon\"><\/div>\n\t\t\t\t  <div class=\"expand-item__text js-expand-item-off\">\n\t\t\t\t\tKiy\u00e8s ki kalifye pou patisipe nan Pwogram Future Bound Miami an?\n\t\t\t\t  <\/div>\n\t\t\t\t  <div class=\"expand-item__text js-expand-item-on\"><p><span style=\"font-weight: 400;\">As of the 2022- 2023 school year,<\/span> <span style=\"font-weight: 400;\">Future Bound Miami is available at participating public elementary schools and K-8 centers across M-DCPS. Click <\/span><a href=\"http:\/\/futureboundmiami.org\"><b>here<\/b><\/a><span style=\"font-weight: 400;\"> to see if your school is participating.<\/span><\/p>\n\n\t\t\t\t  <\/div>\n\t\t\t<\/section>\n\t\t\t\t<section class=\"expand-item js-expand-item\">\n\t\t\t\t  <div class=\"expand-item__icon\"><\/div>\n\t\t\t\t  <div class=\"expand-item__text js-expand-item-off\">\n\t\t\t\t\tK\u00f2man lek\u00f2l pitit mwen an enplike nan Pwogram Future Bound Miami an?\n\t\t\t\t  <\/div>\n\t\t\t\t  <div class=\"expand-item__text js-expand-item-on\"><p>Future Bound Miami travay av\u00e8k M-DCPS ak lek\u00f2l ki patisipe yo, pou pataje enf\u00f2masyon sou Pwogram Future Bound Miami an, sip\u00f2te fanmi yo pou patisipe, epi kow\u00f2done op\u00f2tinite edikasyon finansy\u00e8 pou ni el\u00e8v yo ni paran yo\/gadyen yo.<\/p>\n\n\t\t\t\t  <\/div>\n\t\t\t<\/section>\n\t\t\t\t<section class=\"expand-item js-expand-item\">\n\t\t\t\t  <div class=\"expand-item__icon\"><\/div>\n\t\t\t\t  <div class=\"expand-item__text js-expand-item-off\">\n\t\t\t\t\t\u00c8ske stati imigrasyon afekte kapasite timoun mwen yan poul patisipe?\n\t\t\t\t  <\/div>\n\t\t\t\t  <div class=\"expand-item__text js-expand-item-on\"><p>Non. Stati imigrasyon pa afekte kapasite yon el\u00e8v oubyen yon fanmi pou patisipe, paske kont Future Bound Miami yo pa sou non ankenn moun endividy\u00e8lman, se sou non Catalyst Miami ke yo ye e se limenm ki jere yo.<\/p>\n\n\t\t\t\t  <\/div>\n\t\t\t<\/section>\n\t\t\t\t<section class=\"expand-item js-expand-item\">\n\t\t\t\t  <div class=\"expand-item__icon\"><\/div>\n\t\t\t\t  <div class=\"expand-item__text js-expand-item-off\">\n\t\t\t\t\t\u00c8ske l\u00e8m gen yon kont Future Bound Miami, sa afekte kalifikasyon pou benefis piblik yo?\n\t\t\t\t  <\/div>\n\t\t\t\t  <div class=\"expand-item__text js-expand-item-on\"><p>Non. L\u00e8w gen yon kont, sa pa afekte aplikasyon yon el\u00e8v oubyen yon fanmi pou benefis piblik yo, paske kont Future Bound Miami yo pa sou non ankenn moun endividy\u00e8lman, se sou non Catalyst Miami ke yo ye e se limenm ki jere yo.<\/p>\n\n\t\t\t\t  <\/div>\n\t\t\t<\/section>\n\t\t\t\t<section class=\"expand-item js-expand-item\">\n\t\t\t\t  <div class=\"expand-item__icon\"><\/div>\n\t\t\t\t  <div class=\"expand-item__text js-expand-item-off\">\n\t\t\t\t\tMwen deja genyen yon plan prepeye pou iniv\u00e8site nan Florid, yon plan ekonomi 529 nan Florid, ak\/oubyen mwen tap planifye poum k\u00f2manse youn pou el\u00e8v mwen yan. \u00c8ske nou ka toujou patisipe?\n\t\t\t\t  <\/div>\n\t\t\t\t  <div class=\"expand-item__text js-expand-item-on\"><p>Wi, ou ka toujou f\u00e8 pati de pwogram Future Bound Miami an, anplis de l\u00f2t plan ekonomi pou iniv\u00e8site \/ edikasyon.<\/p>\n\n\t\t\t\t  <\/div>\n\t\t\t<\/section>\n\t\t\t\t<section class=\"expand-item js-expand-item\">\n\t\t\t\t  <div class=\"expand-item__icon\"><\/div>\n\t\t\t\t  <div class=\"expand-item__text js-expand-item-off\">\n\t\t\t\t\tTimoun mwen yan enskri nan yon lek\u00f2l ki patisipe nan Future Bound Miami, men li gentan fini kindergarten. \u00c8ske yo ka toujou patisipe?\n\t\t\t\t  <\/div>\n\t\t\t\t  <div class=\"expand-item__text js-expand-item-on\"><p>Non. Kounye a, pwogram Future Bound Miami la f\u00e8t pou k\u00f2manse l\u00e8 yon timoun nan kindergarten.<\/p>\n\n\t\t\t\t  <\/div>\n\t\t\t<\/section>\n\t\t\t\t<section class=\"expand-item js-expand-item\">\n\t\t\t\t  <div class=\"expand-item__icon\"><\/div>\n\t\t\t\t  <div class=\"expand-item__text js-expand-item-off\">\n\t\t\t\t\tKijan ekonomi-menm ekonomi mod\u00e8s-f\u00e8 yon diferans nan kapasite yon timoun pou li pouswiv edikasyon apre lek\u00f2l segond\u00e8?\n\t\t\t\t  <\/div>\n\t\t\t\t  <div class=\"expand-item__text js-expand-item-on\"><p>Timoun ki gen yon kont epay ak yon plan pou edikasyon apre lek\u00f2l segond\u00e8 yo, gen plis chans ale e gradye ak yon tit (Dipl\u00f2m, s\u00e8tifika pwofesyon\u00e8l, eks\u2026) apre lek\u00f2l segond\u00e8. Rech\u00e8ch montre ke timoun ki gen yon kont epay ki gen jis $1 pou rive $499, gen twa fwa plis chans enskri nan iniv\u00e8site, e plis pase kat fwa plis chans gradye ak yon dipl\u00f2m. Espwa a, se ke kont el\u00e8v ki patisipe nan Future Bound Miami yo ap grandi pandan tan an ap pase, atrav\u00e8 rekonpans adisyon\u00e8l ak sip\u00f2 kominot\u00e8, kap f\u00e8 edikasyon apr\u00e8 lek\u00f2l segond\u00e8 vin yon pati nan avni chak timoun.<\/p>\n\n\t\t\t\t  <\/div>\n\t\t\t<\/section>[vc_custom_heading text=&#8221;Aktivasyon kont, Depo yo, Ankourajman yo&#8221; font_container=&#8221;tag:h3|font_size:24|text_align:center|color:%234dbb83&#8243; use_theme_fonts=&#8221;yes&#8221;]\n\t\t\t\t<section class=\"expand-item js-expand-item\">\n\t\t\t\t  <div class=\"expand-item__icon\"><\/div>\n\t\t\t\t  <div class=\"expand-item__text js-expand-item-off\">\n\t\t\t\t\tKijan pou mwen aktive kont el\u00e8v mwen an?\n\t\t\t\t  <\/div>\n\t\t\t\t  <div class=\"expand-item__text js-expand-item-on\"><p>Lekol pitit ou a ap voye plis enfomasyon sou fason pou aktive kont yo pandan ane lekol la. Ou ap bezwen siyen yon fom epi retounen li nan tan kap vini lekol ou a Nan Bound Miami Chanpyon oswa pwofese pitit ou a.<\/p>\n\n\t\t\t\t  <\/div>\n\t\t\t<\/section>\n\t\t\t\t<section class=\"expand-item js-expand-item\">\n\t\t\t\t  <div class=\"expand-item__icon\"><\/div>\n\t\t\t\t  <div class=\"expand-item__text js-expand-item-off\">\n\t\t\t\t\tKi kote yo kenbe lajan yo?\n\t\t\t\t  <\/div>\n\t\t\t\t  <div class=\"expand-item__text js-expand-item-on\"><p><span style=\"font-weight: 400;\">Funds will be held at EdFed, the<\/span> <span style=\"font-weight: 400;\">Educational Federal Credit Union. F<\/span>ormally known as the South Florida Educational Federal Credit Union (SFEFCU). For a complete list of branch locations and hours, please visit <a href=\"https:\/\/www.edfed.org\/about\/locations-and-hours\/\">rebrand.ly\/EdFedBranches<\/a><\/p>\n\n\t\t\t\t  <\/div>\n\t\t\t<\/section>\n\t\t\t\t<section class=\"expand-item js-expand-item\">\n\t\t\t\t  <div class=\"expand-item__icon\"><\/div>\n\t\t\t\t  <div class=\"expand-item__text js-expand-item-off\">\n\t\t\t\t\tKi jan de kont li ye?\n\t\t\t\t  <\/div>\n\t\t\t\t  <div class=\"expand-item__text js-expand-item-on\"><p>Sa a se yon depo<span style=\"font-weight: 400;\">&#8211;<\/span><span style=\"font-weight: 400;\">sa vle di ke lajan an rete an sekirite, jiskaske el\u00e8v la gradye nan yon lek\u00f2l segond\u00e8 piblik M-DCPS. Future Bound Miami kenbe kont la pou benefis el\u00e8v la. Yap nome el\u00e8v ou a k\u00f2m benefisy\u00e8 sou kont la.<\/span><\/p>\n\n\t\t\t\t  <\/div>\n\t\t\t<\/section>\n\t\t\t\t<section class=\"expand-item js-expand-item\">\n\t\t\t\t  <div class=\"expand-item__icon\"><\/div>\n\t\t\t\t  <div class=\"expand-item__text js-expand-item-off\">\n\t\t\t\t\tKi enf\u00f2masyon Future Bound Miami resevwa sou mwen ak pitit mwen an?\n\t\t\t\t  <\/div>\n\t\t\t\t  <div class=\"expand-item__text js-expand-item-on\"><p><span style=\"font-weight: 400;\">Future Bound Miami ap resevwa enf\u00f2masyon limite, s\u00e8lman apre paran \/ gadyen an bay p\u00e8misyon.<\/span><\/p>\n<p>M-DCPS pral pataje moso sa yo nan enfomasyon ak lavni Bound Miami pou chak elev ki ap patisipe selman apre yon paran otorize M-DCPS pou fe sa pandan Peryod Aktivasyon Kont lan:<\/p>\n<ul>\n<li>Nimewo idantifikasyon inik pwogram nan pou el\u00e8v ak paran<\/li>\n<li>Non konpl\u00e8 el\u00e8v la<\/li>\n<li>Dat nesans el\u00e8v la<\/li>\n<li>Adr\u00e8s kay el\u00e8v la<\/li>\n<li>Si adr\u00e8s kay el\u00e8v la chanje<\/li>\n<li>Nimewo telef\u00f2n kay el\u00e8v la<\/li>\n<li>Non lek\u00f2l el\u00e8v la<\/li>\n<li>Nivo n\u00f2t el\u00e8v la nan moman an<\/li>\n<li>Lang ki pale lakay el\u00e8v la<\/li>\n<li>Si el\u00e8v la patisipe nan pwogram Manje Gratis &amp; Redwui<\/li>\n<li>Si genyen transf\u00e8 ki f\u00e8t pou al nan l\u00f2t lek\u00f2l, ni anndan ni dey\u00f2 system M-DCPS la.<\/li>\n<\/ul>\n<p>Future Bound Miami resevwa enf\u00f2masyon sa yo tou, pou jiska de paran\/gadyen pa el\u00e8v ki patisipe:<\/p>\n<ul>\n<li>Non konpl\u00e8 paran \/ gadyen<\/li>\n<li>Adr\u00e8s im\u00e8l paran \/ gadyen<\/li>\n<li>Nimewo selil\u00e8 oubyen l\u00f2t nimewo paran\/gadyen<\/li>\n<\/ul>\n\n\t\t\t\t  <\/div>\n\t\t\t<\/section>\n\t\t\t\t<section class=\"expand-item js-expand-item\">\n\t\t\t\t  <div class=\"expand-item__icon\"><\/div>\n\t\t\t\t  <div class=\"expand-item__text js-expand-item-off\">\n\t\t\t\t\t\u00c8ske mwen dwe bay Nimewo Sekirite Sosyal el\u00e8v la oswa l\u00f2t enf\u00f2masyon idantifikasyon?\n\t\t\t\t  <\/div>\n\t\t\t\t  <div class=\"expand-item__text js-expand-item-on\"><p>Non. Se Catalyst Miami (\u00f2ganizasyon san bi likratif kap jere Future Bound Miami an) ki pwopriyet\u00e8 kont la, e li kenbe li pou benefis el\u00e8v yo. Enf\u00f2masyon ki anwo a se s\u00e8l enf\u00f2masyon ke M-DCPS bay Future Bound Miami, apr\u00e8 yon paran \/ gadyen fin ba nou p\u00e8misyon pou aksede a enf\u00f2masyon an pandan aktivasyon kont la. Yo pap pataje ankenn enf\u00f2masyon andey\u00f2 de patn\u00e8 pwogram ki otorize yo.<\/p>\n\n\t\t\t\t  <\/div>\n\t\t\t<\/section>\n\t\t\t\t<section class=\"expand-item js-expand-item\">\n\t\t\t\t  <div class=\"expand-item__icon\"><\/div>\n\t\t\t\t  <div class=\"expand-item__text js-expand-item-off\">\n\t\t\t\t\tKisa VistaShare la ye, e ki rap\u00f2 li genyen ak Pwogram Future Bound Miami an?\n\t\t\t\t  <\/div>\n\t\t\t\t  <div class=\"expand-item__text js-expand-item-on\"><p>VistaShare se yon konpayi teknoloji ke Catalyst Miami (\u00f2ganizasyon san bi likratif kap jere Future Bound Miami an) kontrakte, pou li bay lojisy\u00e8l pou kons\u00e8ve enf\u00f2masyon p\u00e8son\u00e8l sou timoun ak paran \/ gadyen yo an sekirite, e pou kreye kont Future Bound Miami yo. Lojisy\u00e8l VistaShare la ki rele Savings Tracker, p\u00e8m\u00e8t paran \/ gadyen ak manm fanmi timoun ki patisipe yo, w\u00e8 balans ni depo ni ankourajman ki ganye sou kont epay yo a.<\/p>\n\n\t\t\t\t  <\/div>\n\t\t\t<\/section>\n\t\t\t\t<section class=\"expand-item js-expand-item\">\n\t\t\t\t  <div class=\"expand-item__icon\"><\/div>\n\t\t\t\t  <div class=\"expand-item__text js-expand-item-off\">\n\t\t\t\t\tKi enf\u00f2masyon p\u00e8son\u00e8l ke VistaShare ap resevwa sou mwen ak timoun mwen an?\n\t\t\t\t  <\/div>\n\t\t\t\t  <div class=\"expand-item__text js-expand-item-on\"><p>VistaShare pral gen aks\u00e8 nan lojisy\u00e8l an ki estoke enf\u00f2masyon patisipan yo pou ke li ka bay sip\u00f2 teknik. Lojisy\u00e8l la sovgade enf\u00f2masyon bazik ke M-DCPS te bay sou fanmi yo, kantite lajan ankourajman ki alwe a chak patisipan yo, depo ki f\u00e8t yo e val\u00e8 kont ke yon fanmi genyen nan kont Future Bound Miami yo.<\/p>\n\n\t\t\t\t  <\/div>\n\t\t\t<\/section>\n\t\t\t\t<section class=\"expand-item js-expand-item\">\n\t\t\t\t  <div class=\"expand-item__icon\"><\/div>\n\t\t\t\t  <div class=\"expand-item__text js-expand-item-off\">\n\t\t\t\t\tKi moun ki ka w\u00e8 oubyen mande enf\u00f2masyon sou kont timoun mwen an?\n\t\t\t\t  <\/div>\n\t\t\t\t  <div class=\"expand-item__text js-expand-item-on\"><p>S\u00e8lman paran \/ gadyen ak Catalyst Miami (\u00f2ganizasyon san bi likratif kap jere Future Bound Miami an) ap ka gen aks\u00e8 a Savings Tracker Future Bound Miami an, l\u00e8 l konekte sou P\u00f2tay Paran M-DCPS la, sa ap p\u00e8met yo w\u00e8 rek\u00f2 depo yo, ankourajman ke yo ganye epi aktyalize adr\u00e8s yo.<\/p>\n\n\t\t\t\t  <\/div>\n\t\t\t<\/section>\n\t\t\t\t<section class=\"expand-item js-expand-item\">\n\t\t\t\t  <div class=\"expand-item__icon\"><\/div>\n\t\t\t\t  <div class=\"expand-item__text js-expand-item-off\">\n\t\t\t\t\tKi fr\u00e8 yo pral chaje pou kont lan?\n\t\t\t\t  <\/div>\n\t\t\t\t  <div class=\"expand-item__text js-expand-item-on\"><p>Kont sa a pa sij\u00e8 a ankenn fr\u00e8.<\/p>\n\n\t\t\t\t  <\/div>\n\t\t\t<\/section>\n\t\t\t\t<section class=\"expand-item js-expand-item\">\n\t\t\t\t  <div class=\"expand-item__icon\"><\/div>\n\t\t\t\t  <div class=\"expand-item__text js-expand-item-off\">\n\t\t\t\t\t\u00c8ske gen yon kantite lajan depo minim\u00f2m?\n\t\t\t\t  <\/div>\n\t\t\t\t  <div class=\"expand-item__text js-expand-item-on\"><p>Non. Yo aksepte depo nenp\u00f2t kantite lajan epi pa gen okenn balans minim\u00f2m ki obligatwa pou patisipe.<\/p>\n\n\t\t\t\t  <\/div>\n\t\t\t<\/section>\n\t\t\t\t<section class=\"expand-item js-expand-item\">\n\t\t\t\t  <div class=\"expand-item__icon\"><\/div>\n\t\t\t\t  <div class=\"expand-item__text js-expand-item-off\">\n\t\t\t\t\tKijan pou mwen f\u00e8 depo sou kont el\u00e8v mwen an?\n\t\t\t\t  <\/div>\n\t\t\t\t  <div class=\"expand-item__text js-expand-item-on\"><p>You can make deposits in person at any EdFed branch. For a complete list of branch locations and hours, please visit <a href=\"https:\/\/www.edfed.org\/about\/locations-and-hours\/\">rebrand.ly\/EdFedBranches<\/a><\/p>\n\n\t\t\t\t  <\/div>\n\t\t\t<\/section>\n\t\t\t\t<section class=\"expand-item js-expand-item\">\n\t\t\t\t  <div class=\"expand-item__icon\"><\/div>\n\t\t\t\t  <div class=\"expand-item__text js-expand-item-off\">\n\t\t\t\t\t\u00c8ske kont la ganye enter\u00e8, si wi, kijan yo peye li?\n\t\t\t\t  <\/div>\n\t\t\t\t  <div class=\"expand-item__text js-expand-item-on\"><p>Yes, accounts earn interest. Interest will be compounded and credited to the savings account on a quarterly basis. <span style=\"font-weight: 400;\">To learn more about the interest rates at EdFed visit. <\/span><span style=\"font-weight: 400;\">To learn more about the interest rates at EdFed visit <\/span><a href=\"https:\/\/www.edfed.org\/rates\/personal\/\"><b>rebrand.ly\/EdFedRates<\/b><\/a><\/p>\n\n\t\t\t\t  <\/div>\n\t\t\t<\/section>\n\t\t\t\t<section class=\"expand-item js-expand-item\">\n\t\t\t\t  <div class=\"expand-item__icon\"><\/div>\n\t\t\t\t  <div class=\"expand-item__text js-expand-item-off\">\n\t\t\t\t\t\u00c8ske mwenmenm oubyen el\u00e8v la dwe reklame enter\u00e8 ki ganye a k\u00f2m revni?\n\t\t\t\t  <\/div>\n\t\t\t\t  <div class=\"expand-item__text js-expand-item-on\"><p>Catalyst Miami, (\u00f2ganizasyon san bi likratif kap jere Future Bound Miami an) se pwopriyet\u00e8 kont lan, e yo pa bezwen reklame tout enter\u00e8 ki ganye yo k\u00f2m revni pou el\u00e8v oubyen fanmi an.<\/p>\n\n\t\t\t\t  <\/div>\n\t\t\t<\/section>\n\t\t\t\t<section class=\"expand-item js-expand-item\">\n\t\t\t\t  <div class=\"expand-item__icon\"><\/div>\n\t\t\t\t  <div class=\"expand-item__text js-expand-item-off\">\n\t\t\t\t\t\u00c8ske yo ka retire taks sou depo mwen yo?\n\t\t\t\t  <\/div>\n\t\t\t\t  <div class=\"expand-item__text js-expand-item-on\"><p>Non.<\/p>\n\n\t\t\t\t  <\/div>\n\t\t\t<\/section>\n\t\t\t\t<section class=\"expand-item js-expand-item\">\n\t\t\t\t  <div class=\"expand-item__icon\"><\/div>\n\t\t\t\t  <div class=\"expand-item__text js-expand-item-off\">\n\t\t\t\t\tKouman elev yo ka touche kontribisyon pwogram?\n\t\t\t\t  <\/div>\n\t\t\t\t  <div class=\"expand-item__text js-expand-item-on\"><p><span style=\"font-weight: 400;\">Chak ane lek\u00f2l, w ap resevwa enf\u00f2masyon sou kontribisyon pwogram espesifik el\u00e8v la ka touche pandan ane akademik sa a sou Paj Paran nou an, atrav\u00e8 bilten nou an, ak paj medya sosyal nou. L\u00e8 yon kont aktive, yo mete lajan premye depo nan Miami Foundation sou non el\u00e8v ou a. Konte Miami-Dade ak Vil Miami bay premye depo sa a. Paran\/gadyen, fanmi, zanmi, elatriye ka f\u00e8 depo adisyon\u00e8l nan yon kont nan nenp\u00f2t branch EdFed. P\u00e8sonn pa ka f\u00e8 okenn retr\u00e8 pandan pwogram nan sof si yon el\u00e8v kite distri lek\u00f2l la ak\/oswa paran\/gadyen yo chwazi f\u00e8men kont la.<\/span><\/p>\n\n\t\t\t\t  <\/div>\n\t\t\t<\/section>\n\t\t\t\t<section class=\"expand-item js-expand-item\">\n\t\t\t\t  <div class=\"expand-item__icon\"><\/div>\n\t\t\t\t  <div class=\"expand-item__text js-expand-item-off\">\n\t\t\t\t\tKijan yo envesti e jere lajan ankourajman ak lajan depo yo?\n\t\t\t\t  <\/div>\n\t\t\t\t  <div class=\"expand-item__text js-expand-item-on\"><p>Se Fondasyon Miami an ki envesti e jere tout rekonpans ankourajan yo. El\u00e8v yo pa ganye ankenn enter\u00e8 sou rekonpans ankourajan yo. Depi el\u00e8v ki patisipe yo gradye nan lek\u00f2l segond\u00e8 M-DCPS, yo kalifye pou pou resevwa tout lajan ankourajman ke yo te ganye pandan kary\u00e8 akademik yo. Fon depoze pa paran, fanmi, zanmi, elatriye yo ap fet ak jere pa EdFed. Malgre ke lajan yo nan EdFed yo pa envesti nan mache a, yo fe touche entere. To enter\u00e8 yo varye e yo kalkile chak trim\u00e8s. Chak trimes ou ka ouvri sesyon an nan Lavni Bound Miami Ekonomi Tracker yo we kantite lajan an nan entere touche nan depo ou nan EdFed.<\/p>\n\n\t\t\t\t  <\/div>\n\t\t\t<\/section>[vc_custom_heading text=&#8221;F\u00e8mti kont &amp; Retr\u00e8 yo&#8221; font_container=&#8221;tag:h3|font_size:24|text_align:center|color:%234dbb83&#8243; use_theme_fonts=&#8221;yes&#8221;]\n\t\t\t\t<section class=\"expand-item js-expand-item\">\n\t\t\t\t  <div class=\"expand-item__icon\"><\/div>\n\t\t\t\t  <div class=\"expand-item__text js-expand-item-off\">\n\t\t\t\t\tKijan yo ka itilize lajan ki sou kont la?\n\t\t\t\t  <\/div>\n\t\t\t\t  <div class=\"expand-item__text js-expand-item-on\"><p>Lajan yo ka itilize pou nenp\u00f2t depans ki kalifye, an rap\u00f2 ak edikasyon apr\u00e8 gradyasyon nan lek\u00f2l segond\u00e8. Jan de depans sa yo ka enkli men yo pa limite a: Fr\u00e8 skolarite, fr\u00e8 obligatwa, liv matery\u00e8l ak ekipman obligatwa pou enskription oubyen frekantasyon, oubyen nenp\u00f2t l\u00f2t pri ki neses\u00e8 pou frekante lek\u00f2l, sa enkli vwayaje ale nan lek\u00f2l la, oubyen fr\u00e8 pou aplike nan lek\u00f2l la.<\/p>\n\n\t\t\t\t  <\/div>\n\t\t\t<\/section>\n\t\t\t\t<section class=\"expand-item js-expand-item\">\n\t\t\t\t  <div class=\"expand-item__icon\"><\/div>\n\t\t\t\t  <div class=\"expand-item__text js-expand-item-off\">\n\t\t\t\t\tKijan pou mwen f\u00e8 retr\u00e8 sou yon kont Future Bound Miami?\n\t\t\t\t  <\/div>\n\t\t\t\t  <div class=\"expand-item__text js-expand-item-on\"><p>Kont Future Bound Miami yo se kont depo s\u00e8lman yo ye. Kont sa yo f\u00e8t pou sere lajan pou edikasyon apre lek\u00f2l segond\u00e8 el\u00e8v yo, san yo pa manyen yo pou jis yo fini lek\u00f2l segond\u00e8. Kan yo pr\u00e8ske gradye nan lek\u00f2l segond\u00e8, yap bay yo enf\u00f2masyon sou pwosesis retr\u00e8 a.<\/p>\n\n\t\t\t\t  <\/div>\n\t\t\t<\/section>\n\t\t\t\t<section class=\"expand-item js-expand-item\">\n\t\t\t\t  <div class=\"expand-item__icon\"><\/div>\n\t\t\t\t  <div class=\"expand-item__text js-expand-item-off\">\n\t\t\t\t\t\u00c8ske gen penalite pou retr\u00e8 avan l\u00e8 yo?\n\t\t\t\t  <\/div>\n\t\t\t\t  <div class=\"expand-item__text js-expand-item-on\"><p>Si yon elev kite distri M-DCPS la anvan ou fini pwogram nan ak paran\/gadyen legal la chwazi pou femen kont elev la, tout dola ki pa <strong>peye-pwogram <\/strong>yo touche pandan karye lekol yo ap <strong>retounen<\/strong>nan elev la . Sepandan, tout dola <strong>kontribisyon<\/strong> pwogram yo te touche atrave patisipasyon nan pwogram nan ap retounen nan Pwogram <strong>Future Bound Miami.<\/strong><\/p>\n\n\t\t\t\t  <\/div>\n\t\t\t<\/section>\n\t\t\t\t<section class=\"expand-item js-expand-item\">\n\t\t\t\t  <div class=\"expand-item__icon\"><\/div>\n\t\t\t\t  <div class=\"expand-item__text js-expand-item-off\">\n\t\t\t\t\tE si nou demenaje?\n\t\t\t\t  <\/div>\n\t\t\t\t  <div class=\"expand-item__text js-expand-item-on\"><p>If the student moves within the M-DCPS district, he or she will still be considered a participant in the program and can continue to make deposits. The student will be eligible for program contributions if the Future Bound Miami Program is available at that school. If moving outside the district, the student will still have access to his or her account but will not be eligible for program contributions. Update your address by contacting Future Bound Miami or using the Future Bound Miami Savings Tracker on the M-DCPS Student Portal.<\/p>\n\n\t\t\t\t  <\/div>\n\t\t\t<\/section>[\/vc_column][vc_column width=&#8221;1\/6&#8243; css=&#8221;.vc_custom_1574022595809{background-color: #ffffff !important;}&#8221;][\/vc_column][\/vc_row][vc_row][vc_column][vc_empty_space][\/vc_column][\/vc_row]<\/p>\n<\/div>","protected":false},"excerpt":{"rendered":"<p>[vc_row][vc_column width=&#8221;1\/6&#8243; css=&#8221;.vc_custom_1574022579449{background-color: #ffffff !important;}&#8221;][\/vc_column][vc_column width=&#8221;2\/3&#8243; css=&#8221;.vc_custom_1574022559930{background-color: #ffffff !important;}&#8221;][vc_custom_heading text=&#8221;Kesyon yo poze souvan&#8221; font_container=&#8221;tag:h2|font_size:30|text_align:center|color:%23e83c5c&#8221; use_theme_fonts=&#8221;yes&#8221; css=&#8221;.vc_custom_1573155837368{margin-top: 3rem !important;}&#8221;][vc_custom_heading text=&#8221;Kalifikasyon ak Patisipasyon&#8221; font_container=&#8221;tag:h3|font_size:24|text_align:center|color:%234dbb83&#8243; use_theme_fonts=&#8221;yes&#8221;][vc_custom_heading text=&#8221;Aktivasyon kont, Depo yo, Ankourajman yo&#8221; font_container=&#8221;tag:h3|font_size:24|text_align:center|color:%234dbb83&#8243; use_theme_fonts=&#8221;yes&#8221;][vc_custom_heading text=&#8221;F\u00e8mti kont &amp; Retr\u00e8 yo&#8221; font_container=&#8221;tag:h3|font_size:24|text_align:center|color:%234dbb83&#8243; use_theme_fonts=&#8221;yes&#8221;][\/vc_column][vc_column width=&#8221;1\/6&#8243; css=&#8221;.vc_custom_1574022595809{background-color: #ffffff !important;}&#8221;][\/vc_column][\/vc_row][vc_row][vc_column][vc_empty_space][\/vc_column][\/vc_row]<\/p>\n","protected":false},"author":1,"featured_media":170,"parent":0,"menu_order":0,"comment_status":"closed","ping_status":"closed","template":"","meta":{"footnotes":""},"class_list":["post-466","page","type-page","status-publish","has-post-thumbnail","hentry"],"_links":{"self":[{"href":"https:\/\/futureboundmiami.org\/ht\/wp-json\/wp\/v2\/pages\/466","targetHints":{"allow":["GET"]}}],"collection":[{"href":"https:\/\/futureboundmiami.org\/ht\/wp-json\/wp\/v2\/pages"}],"about":[{"href":"https:\/\/futureboundmiami.org\/ht\/wp-json\/wp\/v2\/types\/page"}],"author":[{"embeddable":true,"href":"https:\/\/futureboundmiami.org\/ht\/wp-json\/wp\/v2\/users\/1"}],"replies":[{"embeddable":true,"href":"https:\/\/futureboundmiami.org\/ht\/wp-json\/wp\/v2\/comments?post=466"}],"version-history":[{"count":64,"href":"https:\/\/futureboundmiami.org\/ht\/wp-json\/wp\/v2\/pages\/466\/revisions"}],"predecessor-version":[{"id":2187,"href":"https:\/\/futureboundmiami.org\/ht\/wp-json\/wp\/v2\/pages\/466\/revisions\/2187"}],"wp:featuredmedia":[{"embeddable":true,"href":"https:\/\/futureboundmiami.org\/ht\/wp-json\/wp\/v2\/media\/170"}],"wp:attachment":[{"href":"https:\/\/futureboundmiami.org\/ht\/wp-json\/wp\/v2\/media?parent=466"}],"curies":[{"name":"wp","href":"https:\/\/api.w.org\/{rel}","templated":true}]}}