{"id":369,"date":"2019-12-09T19:40:47","date_gmt":"2019-12-10T00:40:47","guid":{"rendered":"https:\/\/futureboundmiami.org\/about-us\/"},"modified":"2022-12-07T12:11:15","modified_gmt":"2022-12-07T17:11:15","slug":"sou-nou","status":"publish","type":"page","link":"https:\/\/futureboundmiami.org\/ht\/sou-nou\/","title":{"rendered":"Konsenan nou"},"content":{"rendered":"<div class=\"wpb-content-wrapper\"><p>[vc_row][vc_column width=&#8221;1\/6&#8243;][\/vc_column][vc_column width=&#8221;2\/3&#8243; css=&#8221;.vc_custom_1573132910092{padding-right: 5% !important;padding-left: 5% !important;}&#8221;][vc_custom_heading text=&#8221;Konsenan nou&#8221; font_container=&#8221;tag:h1|font_size:28|text_align:center|color:%23000000&#8243; use_theme_fonts=&#8221;yes&#8221;][vc_column_text]Future Bound Miami se premye pwogram kontini depay timoun yo (CSA) iniv\u00e8s\u00e8l nan eta Florid la. Nou vize amelyore preparasyon finansye pou edikasyon apre lek\u00f2l segond\u00e8 pou el\u00e8v ak fanmi nan Lek\u00f2l Leta Miami-Dade County.<\/p>\n<p>Etabli yon kons\u00f2sy\u00f2m patn\u00e8 nan kominote a, nou pran angajman pou travay ansanm pou kreye plis resous pou avansman ekonomik ak edikasyon\u00e8l fanmi Miami-Dade. Nou kw\u00e8 edikat\u00e8 yo ak moun ki gen enter\u00e8 nan kominote a se kle pou ede timoun yo reyalize r\u00e8v yo.<\/p>\n<p>Objektif Future Bound Miami se pou elaji op\u00f2tinite pou el\u00e8v yo ale nan edikasyon apre lek\u00f2l segond\u00e8.[\/vc_column_text][\/vc_column][vc_column width=&#8221;1\/6&#8243;][\/vc_column][\/vc_row][vc_row][vc_column]\n\t\t<section class=\"benefit-list\" style=\"background-color: #e83c5c\">\n\t\t\t<div class=\"benefit-list__wrapper\">\n\t      <h2 class=\"benefit-list__heading\">Sa Nou F\u00e8<\/h2>\n\t      <ol class=\"benefit-list__list bullet-red\"><li class=\"benefit-list__item benefit-list__item--1\">Nou bay Kont Epay pou Timoun yo (CSA) pou mete lajan sou edikasyon apre lek\u00f2l segond\u00e8 pou el\u00e8v klas mat\u00e8n\u00e8l ki elijib ki nan lek\u00f2l leta Miami-Dade County.<\/li><li class=\"benefit-list__item benefit-list__item--2\">Nou p\u00e8m\u00e8t el\u00e8v yo ak fanmi yo reyalize pwosperite finansye pa bay zouti, resous ak edikasyon finansye.<\/li><li class=\"benefit-list__item benefit-list__item--3\">Nou enspire kominote nou an pou reyini ansanm ak envesti nan timoun nou yo atrav\u00e8 afilyasyon ak rekonpans rekonpans yo. <\/li><li class=\"benefit-list__item benefit-list__item--4\">Nou ranf\u00f2se preparasyon pou apre lek\u00f2l segond\u00e8 pou timoun nou yo nan ev\u00e8nman ak edikasyon nan sal klas nou yo ak nan kominote a. <\/li><\/ol><\/div>\n\t\t<\/section>[\/vc_column][\/vc_row][vc_row][vc_column]\n\t\t<section class=\"benefit-list\" style=\"background-color: \">\n\t\t\t<div class=\"benefit-list__wrapper\">\n\t      <h2 class=\"benefit-list__heading\">Poukisa yon pwogram CSA?<\/h2>\n\t      <ol class=\"benefit-list__list bullet-green\"><li class=\"benefit-list__item benefit-list__item--1\">Rech\u00e8ch montre ke timoun ki gen yon kont-depay ant $ 1 ak $ 499 yo se twa fwa plis chans enskri nan edikasyon apre lek\u00f2l segond\u00e8, ak plis pase kat fwa plis chans pou yo diplome. Anplis de sa, timoun ki gen yon kont-depay nan non yo se sis fwa plis chans ale nan kol\u00e8j konpare ak moun ki pa gen okenn ekonomi.<\/li><li class=\"benefit-list__item benefit-list__item--2\">Pwogram CSA amelyore devlopman timoun piti ak p\u00e8f\u00f2mans akademik yo. <\/li><li class=\"benefit-list__item benefit-list__item--3\">Pwogram CSA yo te pwouve yo amelyore finansye kapasite yon timoun nan lavni ak diminye diferans lan rich\u00e8s. <\/li><\/ol><div class=\"benefit-list__actions\">\n\t\t\t\t\t<a href=\"https:\/\/futureboundmiami.org\/wp-content\/uploads\/2022\/08\/FBM-Booklet-2022-2.pdf\" class=\"benefit-list__button\"target=\"_blank\">K\u00f2manse jodi a!<\/a><\/div><\/div>\n\t\t<\/section>[\/vc_column][\/vc_row][vc_row][vc_column width=&#8221;1\/6&#8243;][\/vc_column][vc_column width=&#8221;2\/3&#8243; css=&#8221;.vc_custom_1573153790515{padding-right: 5% !important;padding-left: 5% !important;}&#8221;][vc_custom_heading text=&#8221;Ki moun nou ye&#8221; font_container=&#8221;tag:h1|font_size:28|text_align:center|color:%23000000&#8243; use_theme_fonts=&#8221;yes&#8221; css=&#8221;.vc_custom_1573223054621{margin-top: 3rem !important;}&#8221;][vc_column_text]An 2017, Catalyst Miami, an patenarya ak Sant La Neighborhood Sant Sant la, te dirije yon gwoup moun ki gen enter\u00e8 piblik ak prive yo eksplore yon op\u00f2tinite yo kreye yon pwogram CSA pou timoun yo ak fanmi yo nan Konte Miami-Dade. Soti nan premye reyinyon patn\u00e8, yon ekip egzamine pwogram CSA ki reyisi nan tout peyi a epi f\u00e8 rech\u00e8ch sou div\u00e8s mod\u00e8l pou konsevwa yon pwogram ki ta satisf\u00e8 bezwen timoun ak fanmi Miami-Dade County.<\/p>\n<p>Av\u00e8k finansman inisyal ki soti nan Citi Devlopman Kominot\u00e8, Trust pou Timoun yo ak United Way, nou mete soti nan kreye yon pwogram CSA iniv\u00e8s\u00e8l envesti nan timoun kominote nou an. Koulye a, av\u00e8k plis pase yon douz\u00e8n patn\u00e8, pwogram CSA nou an bay yon zouti pou agrandi op\u00f2tinite edikatif ak ekonomik pou j\u00e8n yo ak fanmi yo.[\/vc_column_text][vc_separator][vc_custom_heading text=&#8221;Patn\u00e8 nou yo&#8221; font_container=&#8221;tag:h1|font_size:28|text_align:center|color:%23000000&#8243; use_theme_fonts=&#8221;yes&#8221;][vc_column_text el_class=&#8221;futureboundmiami-logo-list&#8221;]<\/p>\n<p style=\"text-align: center;\"><a href=\"https:\/\/www.catalystmiami.org\/\"><img loading=\"lazy\" decoding=\"async\" class=\"alignnone wp-image-122\" src=\"https:\/\/futureboundmiami.org\/wp-content\/uploads\/2019\/11\/logo-catalyst-miami-300x84.png\" alt=\"Catalyst Miami\" width=\"164\" height=\"46\" \/><\/a>\u00a0 \u00a0\u00a0 <a href=\"https:\/\/www.childrensmovementflorida.org\/\"><img loading=\"lazy\" decoding=\"async\" class=\"alignnone wp-image-117\" src=\"https:\/\/futureboundmiami.org\/wp-content\/uploads\/2019\/11\/logo-childrens-movement-300x68.png\" alt=\"The Children's Movement\" width=\"220\" height=\"50\" srcset=\"https:\/\/futureboundmiami.org\/wp-content\/uploads\/2019\/11\/logo-childrens-movement-300x68.png 300w, https:\/\/futureboundmiami.org\/wp-content\/uploads\/2019\/11\/logo-childrens-movement.png 446w\" sizes=\"auto, (max-width: 220px) 100vw, 220px\" \/><\/a>\u00a0 \u00a0 <a href=\"https:\/\/www.thechildrenstrust.org\/\"><img loading=\"lazy\" decoding=\"async\" class=\"alignnone wp-image-1132 \" src=\"https:\/\/futureboundmiami.org\/wp-content\/uploads\/2021\/04\/TCT_logo_color-Transp_HD-300x206.png\" alt=\"\" width=\"128\" height=\"88\" srcset=\"https:\/\/futureboundmiami.org\/wp-content\/uploads\/2021\/04\/TCT_logo_color-Transp_HD-300x206.png 300w, https:\/\/futureboundmiami.org\/wp-content\/uploads\/2021\/04\/TCT_logo_color-Transp_HD-1024x703.png 1024w, https:\/\/futureboundmiami.org\/wp-content\/uploads\/2021\/04\/TCT_logo_color-Transp_HD-768x527.png 768w, https:\/\/futureboundmiami.org\/wp-content\/uploads\/2021\/04\/TCT_logo_color-Transp_HD.png 1430w\" sizes=\"auto, (max-width: 128px) 100vw, 128px\" \/><\/a> <a href=\"https:\/\/www.miamigov.com\/Home\"><img loading=\"lazy\" decoding=\"async\" class=\"alignnone wp-image-124\" src=\"https:\/\/futureboundmiami.org\/wp-content\/uploads\/2019\/11\/logo-city-of-miami.png\" alt=\"The City of Miami\" width=\"78\" height=\"78\" \/><\/a><\/p>\n<p>[\/vc_column_text][vc_column_text el_class=&#8221;futureboundmiami-logo-list&#8221;]<\/p>\n<p style=\"text-align: center;\"><a href=\"https:\/\/hfsf.org\/\"><img loading=\"lazy\" decoding=\"async\" class=\"alignnone wp-image-2047\" src=\"https:\/\/futureboundmiami.org\/wp-content\/uploads\/2022\/10\/EdFed_Logo_RGB_No_Servicemark-300x109.png\" alt=\"\" width=\"217\" height=\"79\" srcset=\"https:\/\/futureboundmiami.org\/wp-content\/uploads\/2022\/10\/EdFed_Logo_RGB_No_Servicemark-300x109.png 300w, https:\/\/futureboundmiami.org\/wp-content\/uploads\/2022\/10\/EdFed_Logo_RGB_No_Servicemark-1024x372.png 1024w, https:\/\/futureboundmiami.org\/wp-content\/uploads\/2022\/10\/EdFed_Logo_RGB_No_Servicemark-768x279.png 768w, https:\/\/futureboundmiami.org\/wp-content\/uploads\/2022\/10\/EdFed_Logo_RGB_No_Servicemark-1536x559.png 1536w, https:\/\/futureboundmiami.org\/wp-content\/uploads\/2022\/10\/EdFed_Logo_RGB_No_Servicemark.png 1584w\" sizes=\"auto, (max-width: 217px) 100vw, 217px\" \/><img loading=\"lazy\" decoding=\"async\" class=\"alignnone wp-image-1586\" src=\"https:\/\/futureboundmiami.org\/wp-content\/uploads\/2021\/06\/8027184-logo-300x100.png\" alt=\"\" width=\"210\" height=\"70\" srcset=\"https:\/\/futureboundmiami.org\/wp-content\/uploads\/2021\/06\/8027184-logo-300x100.png 300w, https:\/\/futureboundmiami.org\/wp-content\/uploads\/2021\/06\/8027184-logo-768x255.png 768w, https:\/\/futureboundmiami.org\/wp-content\/uploads\/2021\/06\/8027184-logo.png 958w\" sizes=\"auto, (max-width: 210px) 100vw, 210px\" \/><\/a><a href=\"https:\/\/miami.ja.org\/\"><img loading=\"lazy\" decoding=\"async\" class=\"alignnone wp-image-1989\" src=\"https:\/\/futureboundmiami.org\/wp-content\/uploads\/2022\/08\/Junior_Achievement_USA-300x100.jpg\" alt=\"\" width=\"231\" height=\"77\" srcset=\"https:\/\/futureboundmiami.org\/wp-content\/uploads\/2022\/08\/Junior_Achievement_USA-300x100.jpg 300w, https:\/\/futureboundmiami.org\/wp-content\/uploads\/2022\/08\/Junior_Achievement_USA.jpg 500w\" sizes=\"auto, (max-width: 231px) 100vw, 231px\" \/><\/a>\u00a0 \u00a0 <a href=\"https:\/\/www.miamidade.gov\/global\/home.page\"><img loading=\"lazy\" decoding=\"async\" class=\"alignnone wp-image-1892\" src=\"https:\/\/futureboundmiami.org\/wp-content\/uploads\/2022\/03\/download.png\" alt=\"\" width=\"164\" height=\"75\" \/><\/a><\/p>\n<p>[\/vc_column_text][vc_column_text el_class=&#8221;futureboundmiami-logo-list&#8221;]<\/p>\n<p style=\"text-align: center;\"><a href=\"https:\/\/www3.dadeschools.net\/home\"><img loading=\"lazy\" decoding=\"async\" class=\"alignnone wp-image-1974\" src=\"https:\/\/futureboundmiami.org\/wp-content\/uploads\/2022\/08\/MDCPS-Logo-300x300-1-300x300.png\" alt=\"\" width=\"100\" height=\"100\" srcset=\"https:\/\/futureboundmiami.org\/wp-content\/uploads\/2022\/08\/MDCPS-Logo-300x300-1.png 300w, https:\/\/futureboundmiami.org\/wp-content\/uploads\/2022\/08\/MDCPS-Logo-300x300-1-150x150.png 150w\" sizes=\"auto, (max-width: 100px) 100vw, 100px\" \/><\/a> \u00a0 \u00a0<a href=\"https:\/\/miamifoundation.org\/\"><img loading=\"lazy\" decoding=\"async\" class=\"alignnone wp-image-1978\" src=\"https:\/\/futureboundmiami.org\/wp-content\/uploads\/2022\/08\/logo-miami-foundation-300x130-1.png\" alt=\"\" width=\"182\" height=\"79\" \/><\/a>\u00a0 \u00a0 \u00a0<a href=\"https:\/\/www.santla.org\/\"><img loading=\"lazy\" decoding=\"async\" class=\"alignnone wp-image-119\" src=\"https:\/\/futureboundmiami.org\/wp-content\/uploads\/2019\/11\/logo-sant-la-300x121.png\" alt=\"Sant La - Haitian Neighborhood Center\" width=\"201\" height=\"81\" \/><\/a>\u00a0 \u00a0\u00a0 <a href=\"https:\/\/unitedwaymiami.org\/\"><img loading=\"lazy\" decoding=\"async\" class=\"alignnone wp-image-1966\" src=\"https:\/\/futureboundmiami.org\/wp-content\/uploads\/2022\/08\/UWM_Pantone_2021@2x-300x182.png\" alt=\"\" width=\"141\" height=\"85\" srcset=\"https:\/\/futureboundmiami.org\/wp-content\/uploads\/2022\/08\/UWM_Pantone_2021@2x-300x182.png 300w, https:\/\/futureboundmiami.org\/wp-content\/uploads\/2022\/08\/UWM_Pantone_2021@2x.png 314w\" sizes=\"auto, (max-width: 141px) 100vw, 141px\" \/><\/a><\/p>\n<p>[\/vc_column_text][vc_separator][vc_custom_heading text=&#8221;Finansman nou yo&#8221; font_container=&#8221;tag:h1|font_size:28|text_align:center|color:%23000000&#8243; use_theme_fonts=&#8221;yes&#8221;][vc_column_text el_class=&#8221;futureboundmiami-logo-list&#8221;]<\/p>\n<p style=\"text-align: center;\">Pwogram nan finanse an pati pa &#8220;Citi Community Development&#8221; ak<\/p>\n<p style=\"text-align: center;\"><a href=\"https:\/\/www.bankofamerica.com\/\"><img loading=\"lazy\" decoding=\"async\" class=\"alignnone wp-image-230\" src=\"https:\/\/futureboundmiami.org\/wp-content\/uploads\/2019\/11\/bofa-300x166.png\" alt=\"Bank of America logo\" width=\"150\" height=\"83\" \/><\/a> <a href=\"https:\/\/www.catalystmiami.org\/\"><img loading=\"lazy\" decoding=\"async\" class=\"alignnone wp-image-122\" src=\"https:\/\/futureboundmiami.org\/wp-content\/uploads\/2019\/11\/logo-catalyst-miami-300x84.png\" alt=\"Catalyst Miami\" width=\"190\" height=\"53\" \/><\/a> <a href=\"https:\/\/www.thechildrenstrust.org\/\" rel=\"attachment wp-att-1132\"><img loading=\"lazy\" decoding=\"async\" class=\"alignnone wp-image-1132 \" src=\"https:\/\/futureboundmiami.org\/wp-content\/uploads\/2021\/04\/TCT_logo_color-Transp_HD-300x206.png\" alt=\"Logo konfyans timoun yo\" width=\"166\" height=\"114\" srcset=\"https:\/\/futureboundmiami.org\/wp-content\/uploads\/2021\/04\/TCT_logo_color-Transp_HD-300x206.png 300w, https:\/\/futureboundmiami.org\/wp-content\/uploads\/2021\/04\/TCT_logo_color-Transp_HD-1024x703.png 1024w, https:\/\/futureboundmiami.org\/wp-content\/uploads\/2021\/04\/TCT_logo_color-Transp_HD-768x527.png 768w, https:\/\/futureboundmiami.org\/wp-content\/uploads\/2021\/04\/TCT_logo_color-Transp_HD.png 1430w\" sizes=\"auto, (max-width: 166px) 100vw, 166px\" \/><\/a><\/p>\n<p>[\/vc_column_text][vc_column_text]<\/p>\n<p style=\"text-align: center;\"><a href=\"https:\/\/www.miamigov.com\/Home\"><img loading=\"lazy\" decoding=\"async\" class=\"alignnone wp-image-1982\" src=\"https:\/\/futureboundmiami.org\/wp-content\/uploads\/2022\/08\/logo-city-of-miami.png\" alt=\"\" width=\"71\" height=\"71\" \/><\/a>\u00a0 <img loading=\"lazy\" decoding=\"async\" class=\"alignnone wp-image-2047\" src=\"https:\/\/futureboundmiami.org\/wp-content\/uploads\/2022\/10\/EdFed_Logo_RGB_No_Servicemark-300x109.png\" alt=\"\" width=\"234\" height=\"85\" srcset=\"https:\/\/futureboundmiami.org\/wp-content\/uploads\/2022\/10\/EdFed_Logo_RGB_No_Servicemark-300x109.png 300w, https:\/\/futureboundmiami.org\/wp-content\/uploads\/2022\/10\/EdFed_Logo_RGB_No_Servicemark-1024x372.png 1024w, https:\/\/futureboundmiami.org\/wp-content\/uploads\/2022\/10\/EdFed_Logo_RGB_No_Servicemark-768x279.png 768w, https:\/\/futureboundmiami.org\/wp-content\/uploads\/2022\/10\/EdFed_Logo_RGB_No_Servicemark-1536x559.png 1536w, https:\/\/futureboundmiami.org\/wp-content\/uploads\/2022\/10\/EdFed_Logo_RGB_No_Servicemark.png 1584w\" sizes=\"auto, (max-width: 234px) 100vw, 234px\" \/>\u00a0\u00a0<a href=\"https:\/\/hfsf.org\/\"><img loading=\"lazy\" decoding=\"async\" class=\"alignnone wp-image-1586\" src=\"https:\/\/futureboundmiami.org\/wp-content\/uploads\/2021\/06\/8027184-logo-300x100.png\" alt=\"\" width=\"204\" height=\"68\" srcset=\"https:\/\/futureboundmiami.org\/wp-content\/uploads\/2021\/06\/8027184-logo-300x100.png 300w, https:\/\/futureboundmiami.org\/wp-content\/uploads\/2021\/06\/8027184-logo-768x255.png 768w, https:\/\/futureboundmiami.org\/wp-content\/uploads\/2021\/06\/8027184-logo.png 958w\" sizes=\"auto, (max-width: 204px) 100vw, 204px\" \/><\/a><\/p>\n<p>[\/vc_column_text][vc_column_text]<\/p>\n<p style=\"text-align: center;\"><a href=\"https:\/\/miamifoundation.org\/jmperezfamilyfoundation\/\"><img loading=\"lazy\" decoding=\"async\" class=\"alignnone wp-image-231\" src=\"https:\/\/futureboundmiami.org\/wp-content\/uploads\/2019\/11\/JMPFF_Logo_Black-300x59.png\" alt=\"JMPFF-logo\" width=\"275\" height=\"54\" srcset=\"https:\/\/futureboundmiami.org\/wp-content\/uploads\/2019\/11\/JMPFF_Logo_Black-300x59.png 300w, https:\/\/futureboundmiami.org\/wp-content\/uploads\/2019\/11\/JMPFF_Logo_Black.png 720w\" sizes=\"auto, (max-width: 275px) 100vw, 275px\" \/><\/a><a href=\"https:\/\/www.robleefoundation.org\/\"><img loading=\"lazy\" decoding=\"async\" class=\"alignnone wp-image-1969\" src=\"https:\/\/futureboundmiami.org\/wp-content\/uploads\/2022\/08\/Roblee-Foundation-300x150.png\" alt=\"\" width=\"172\" height=\"86\" srcset=\"https:\/\/futureboundmiami.org\/wp-content\/uploads\/2022\/08\/Roblee-Foundation-300x150.png 300w, https:\/\/futureboundmiami.org\/wp-content\/uploads\/2022\/08\/Roblee-Foundation.png 600w\" sizes=\"auto, (max-width: 172px) 100vw, 172px\" \/><\/a> \u00a0 <a href=\"https:\/\/www.miamidade.gov\/global\/home.page\"><img loading=\"lazy\" decoding=\"async\" class=\"alignnone wp-image-1892\" src=\"https:\/\/futureboundmiami.org\/wp-content\/uploads\/2022\/03\/download.png\" alt=\"\" width=\"169\" height=\"77\" \/><\/a>\u00a0 \u00a0 <a href=\"https:\/\/unitedwaymiami.org\/\"><img loading=\"lazy\" decoding=\"async\" class=\"alignnone wp-image-1966\" src=\"https:\/\/futureboundmiami.org\/wp-content\/uploads\/2022\/08\/UWM_Pantone_2021@2x-300x182.png\" alt=\"\" width=\"146\" height=\"89\" srcset=\"https:\/\/futureboundmiami.org\/wp-content\/uploads\/2022\/08\/UWM_Pantone_2021@2x-300x182.png 300w, https:\/\/futureboundmiami.org\/wp-content\/uploads\/2022\/08\/UWM_Pantone_2021@2x.png 314w\" sizes=\"auto, (max-width: 146px) 100vw, 146px\" \/><\/a><\/p>\n<p>[\/vc_column_text][vc_separator][vc_column_text]<\/p>\n<h1 style=\"text-align: center;\"><span style=\"color: #4dbb7b;\">KOMAN OU KAPAB PATISIPE<\/span><\/h1>\n<p>[\/vc_column_text][vc_column_text]<\/p>\n<p style=\"text-align: left;\">Manm kominote yo, biznis yo, ak oganizasyon yo se kle pou sikse nan pwogram Ekonomi Pou Bond Miami an. Li se atrave patenarya ke nou yo kapab amelyore literacy finansye ak bati plis kontribisyon pwogram nan pwogram nou an.<\/p>\n<p style=\"text-align: left;\">Nou envite ou pou kontakte nou pou opotinite pou volonte, pwogram lame, bay kontribisyon pwogram, oswa resous finansye pou timoun ak fanmi yo nan kominote nou an.<\/p>\n<p style=\"text-align: left;\">Ansanm, nou ka kreye chemen pou chak timoun reyisi.<\/p>\n<p>Pou plis enfomasyon, kontakte Chris Moreno, Direkte Ekonomi Timoun yo, nan 786-414-1302 oswa ChrisM@CatalystMiami.org[\/vc_column_text][\/vc_column][vc_column width=&#8221;1\/6&#8243;][\/vc_column][\/vc_row][vc_row][vc_column][\/vc_column][\/vc_row]<\/p>\n<\/div>","protected":false},"excerpt":{"rendered":"<p>[vc_row][vc_column width=&#8221;1\/6&#8243;][\/vc_column][vc_column width=&#8221;2\/3&#8243; css=&#8221;.vc_custom_1573132910092{padding-right: 5% !important;padding-left: 5% !important;}&#8221;][vc_custom_heading text=&#8221;Konsenan nou&#8221; font_container=&#8221;tag:h1|font_size:28|text_align:center|color:%23000000&#8243; use_theme_fonts=&#8221;yes&#8221;][vc_column_text]Future Bound Miami se premye pwogram kontini depay timoun yo (CSA) iniv\u00e8s\u00e8l nan eta Florid la. Nou vize amelyore preparasyon finansye pou edikasyon apre lek\u00f2l segond\u00e8 pou el\u00e8v ak fanmi nan Lek\u00f2l Leta Miami-Dade County. Etabli yon kons\u00f2sy\u00f2m patn\u00e8 nan kominote a, nou pran [&hellip;]<\/p>\n","protected":false},"author":1,"featured_media":415,"parent":0,"menu_order":0,"comment_status":"closed","ping_status":"closed","template":"","meta":{"footnotes":""},"class_list":["post-369","page","type-page","status-publish","has-post-thumbnail","hentry"],"_links":{"self":[{"href":"https:\/\/futureboundmiami.org\/ht\/wp-json\/wp\/v2\/pages\/369","targetHints":{"allow":["GET"]}}],"collection":[{"href":"https:\/\/futureboundmiami.org\/ht\/wp-json\/wp\/v2\/pages"}],"about":[{"href":"https:\/\/futureboundmiami.org\/ht\/wp-json\/wp\/v2\/types\/page"}],"author":[{"embeddable":true,"href":"https:\/\/futureboundmiami.org\/ht\/wp-json\/wp\/v2\/users\/1"}],"replies":[{"embeddable":true,"href":"https:\/\/futureboundmiami.org\/ht\/wp-json\/wp\/v2\/comments?post=369"}],"version-history":[{"count":87,"href":"https:\/\/futureboundmiami.org\/ht\/wp-json\/wp\/v2\/pages\/369\/revisions"}],"predecessor-version":[{"id":2190,"href":"https:\/\/futureboundmiami.org\/ht\/wp-json\/wp\/v2\/pages\/369\/revisions\/2190"}],"wp:featuredmedia":[{"embeddable":true,"href":"https:\/\/futureboundmiami.org\/ht\/wp-json\/wp\/v2\/media\/415"}],"wp:attachment":[{"href":"https:\/\/futureboundmiami.org\/ht\/wp-json\/wp\/v2\/media?parent=369"}],"curies":[{"name":"wp","href":"https:\/\/api.w.org\/{rel}","templated":true}]}}