{"id":887,"date":"2021-04-06T13:48:29","date_gmt":"2021-04-06T17:48:29","guid":{"rendered":"https:\/\/futureboundmiami.org\/rincon-del-maestro\/"},"modified":"2021-07-20T10:49:00","modified_gmt":"2021-07-20T14:49:00","slug":"rincon-del-maestro","status":"publish","type":"page","link":"https:\/\/futureboundmiami.org\/es\/rincon-del-maestro\/","title":{"rendered":"Rinc\u00f3n del Maestro"},"content":{"rendered":"<div class=\"wpb-content-wrapper\"><p>\n          [vc_row][vc_column width=\u00bb1\/6&#8243;][vc_row_inner][vc_column_inner][\/vc_column_inner][\/vc_row_inner][\/vc_column][vc_column width=\u00bb2\/3&#8243; css=\u00bb.vc_custom_1573096454964{padding-right: 5% !important;padding-left: 5% !important;}\u00bb][vc_custom_heading text=\u00bbPara profesores\/socios en el aula\u00bb font_container=\u00bbtag:h1|font_size:32px|text_align:center|color:%234dbb83&#8243; use_theme_fonts=\u00bbyes\u00bb][vc_column_text]Nuestras escuelas y educadores desempe\u00f1an un papel vital en ayudar a los ni\u00f1os y las familias a ahorrar para su futuro.<\/p>\n<p>El personal de la escuela, los maestros y los administradores son clave en Future Bound Miami y son vitales para ayudar a las familias y ni\u00f1os a acceder a los recursos financieros y comprender los beneficios de inscribirse en un programa de Cuenta de Ahorros para Ni\u00f1os (CSA).<\/p>\n<p>Estamos comprometidos a compartir recursos y apoyar a nuestros maestros para que puedan seguir promoviendo la alfabetizaci\u00f3n financiera en el aula en asociaci\u00f3n con Junior Achievement. Actualmente, estamos trabajando con las escuelas primarias en las Escuelas P\u00fablicas del Condado de Miami-Dade (M-DCPS) que terminan en las cinco escuelas secundarias ubicadas en la ciudad de Miami.<\/p>\n<p>Proporcionamos capacitaciones en vivo con maestros y administradores para compartir actualizaciones del programa y proporcionar alfabetizaci\u00f3n financiera \u00abLecciones de lanzamiento\u00bb que se pueden usar en el aula. Tambi\u00e9n se puede acceder a nuestros entrenamientos para maestros a trav\u00e9s del <a href=\"https:\/\/www.google.com\/url?q=http:\/\/socialsciences.dadeschools.net\/%23!\/rightColumn\/2366&amp;sa=D&amp;source=hangouts&amp;ust=1614895597865000&amp;usg=AFQjCNFXzlmH3vzzg3biJ_mfIyyPWIPj0w\" target=\"_blank\" rel=\"noopener noreferrer\">Portal de Ciencias Sociales M-DCPS.<\/a><\/p>\n<p>Si a\u00fan no ha programado su sesi\u00f3n de educaci\u00f3n financiera Future Bound Miami\/Junior Achievement, p\u00f3ngase en contacto con nosotros para obtener apoyo para hacerlo.[\/vc_column_text][vc_custom_heading text=\u00bbLas lecciones de lanzamiento incluyen:\u00bb font_container=\u00bbtag:h4|font_size:20|text_align:center|color:%23000000&#8243; use_theme_fonts=\u00bbyes\u00bb][vc_column_text]<\/p>\n<div class=\"lessons-learned\">\n<ul>\n<li class=\"background-red\">\n<div>C\u00f3mo uno gana ingresos<\/div>\n<\/li>\n<li class=\"background-yellow\">\n<div>La importancia del ahorro<\/div>\n<\/li>\n<li class=\"background-orange\">\n<div>Formas de ahorrar dinero<\/div>\n<\/li>\n<li class=\"background-green\">\n<div>Perseguir una carrera<\/div>\n<\/li>\n<\/ul><\/div>\n<p>[\/vc_column_text][vc_btn title=\u00bb<br \/>\n          <strong>\u00a1Vea la capacitaci\u00f3n del maestro de primavera de 2021!<\/strong><br \/>\n        \u00bb color=\u00bbblack\u00bb align=\u00bbcenter\u00bb link=\u00bburl:https%3A%2F%2Fnam10.safelinks.protection.outlook.com%2Fap%2Fp-59584e83%2F%3Furl%3Dhttps%253A%252F%252Fmiamidadeschools-my.sharepoint.com%252F%253Ap%253A%252Fg%252Fpersonal%252F215406_dadeschools_net%252FEcD4IFZqgFRLilbjOvIs0mABlqzFiUzn4RQyd1XJ5n4tow%253Fe%253DfqViy2%26data%3D04%257C01%257CMDelgado4%2540dadeschools.net%257Cf8d0df1857fe422286cd08d8c9ee9fe6%257C4578f68f86cd4af9b31793e3826ca0f5%257C0%257C0%257C637481374169090458%257CUnknown%257CTWFpbGZsb3d8eyJWIjoiMC4wLjAwMDAiLCJQIjoiV2luMzIiLCJBTiI6Ik1haWwiLCJXVCI6Mn0%253D%257C1000%26sdata%3Ds85SyLDUkANV3QvWjB9UPhluu6bb48GlMzgULBjoeH4%253D%26reserved%3D0|\u00bb][vc_empty_space][\/vc_column][vc_column width=\u00bb1\/6&#8243;][\/vc_column][\/vc_row]<br \/>\n          [vc_row][vc_column css=\u00bb.vc_custom_1615827413091{background-color: #4dbb7b !important;}\u00bb][vc_column_text]<\/p>\n<h1 style=\"text-align: center\">\n            <span style=\"color: #ffffff\">\u00bfTE PIERDES NUESTRO RALLY DE PEP?<br \/>\nHaga clic a continuaci\u00f3n para revivir la diversi\u00f3n!<\/span><br \/>\n          <\/h1>\n<p>[\/vc_column_text][vc_video link=\u00bbhttps:\/\/youtu.be\/Kpxyoc7NJ9k\u00bb el_width=\u00bb50&#8243; align=\u00bbcenter\u00bb][\/vc_column][\/vc_row]<br \/>\n          [vc_row css=\u00bb.vc_custom_1573097286946{padding-right: 5% !important;padding-left: 5% !important;}\u00bb][vc_column width=\u00bb1\/6&#8243;][\/vc_column][vc_column width=\u00bb2\/3&#8243; css=\u00bb.vc_custom_1573161687739{margin-bottom: 2em !important;}\u00bb][vc_custom_heading text=\u00bb\u00bfPreguntas?\u00bb font_container=\u00bbtag:h4|font_size:20|text_align:center|color:%23000000&#8243; use_theme_fonts=\u00bbyes\u00bb][vc_column_text]Para obtener m\u00e1s informaci\u00f3n, comun\u00edquese con su administraci\u00f3n escolar o con Chris Moreno, Director de Ahorros para Ni\u00f1os, al 786-414-1302 o <a href=\"mailto:ChrisM@CatalystMiami.org\">ChrisM@CatalystMiami.org<\/a>[\/vc_column_text][\/vc_column][vc_column width=\u00bb1\/6&#8243;][\/vc_column][\/vc_row]\n          <\/p>\n<\/div>","protected":false},"excerpt":{"rendered":"<p>[vc_row][vc_column width=\u00bb1\/6&#8243;][vc_row_inner][vc_column_inner][\/vc_column_inner][\/vc_row_inner][\/vc_column][vc_column width=\u00bb2\/3&#8243; css=\u00bb.vc_custom_1573096454964{padding-right: 5% !important;padding-left: 5% !important;}\u00bb][vc_custom_heading text=\u00bbPara profesores\/socios en el aula\u00bb font_container=\u00bbtag:h1|font_size:32px|text_align:center|color:%234dbb83&#8243; use_theme_fonts=\u00bbyes\u00bb][vc_column_text]Nuestras escuelas y educadores desempe\u00f1an un papel vital en ayudar a los ni\u00f1os y las familias a ahorrar para su futuro. El personal de la escuela, los maestros y los administradores son clave en Future Bound Miami y son vitales para [&hellip;]<\/p>\n","protected":false},"author":6,"featured_media":770,"parent":0,"menu_order":0,"comment_status":"closed","ping_status":"closed","template":"","meta":{"footnotes":""},"class_list":["post-887","page","type-page","status-publish","has-post-thumbnail","hentry"],"_links":{"self":[{"href":"https:\/\/futureboundmiami.org\/es\/wp-json\/wp\/v2\/pages\/887","targetHints":{"allow":["GET"]}}],"collection":[{"href":"https:\/\/futureboundmiami.org\/es\/wp-json\/wp\/v2\/pages"}],"about":[{"href":"https:\/\/futureboundmiami.org\/es\/wp-json\/wp\/v2\/types\/page"}],"author":[{"embeddable":true,"href":"https:\/\/futureboundmiami.org\/es\/wp-json\/wp\/v2\/users\/6"}],"replies":[{"embeddable":true,"href":"https:\/\/futureboundmiami.org\/es\/wp-json\/wp\/v2\/comments?post=887"}],"version-history":[{"count":12,"href":"https:\/\/futureboundmiami.org\/es\/wp-json\/wp\/v2\/pages\/887\/revisions"}],"predecessor-version":[{"id":1680,"href":"https:\/\/futureboundmiami.org\/es\/wp-json\/wp\/v2\/pages\/887\/revisions\/1680"}],"wp:featuredmedia":[{"embeddable":true,"href":"https:\/\/futureboundmiami.org\/es\/wp-json\/wp\/v2\/media\/770"}],"wp:attachment":[{"href":"https:\/\/futureboundmiami.org\/es\/wp-json\/wp\/v2\/media?parent=887"}],"curies":[{"name":"wp","href":"https:\/\/api.w.org\/{rel}","templated":true}]}}