{"id":365,"date":"2019-12-09T18:16:09","date_gmt":"2019-12-09T23:16:09","guid":{"rendered":"https:\/\/futureboundmiami.org\/como-funciona\/"},"modified":"2021-07-29T16:30:06","modified_gmt":"2021-07-29T20:30:06","slug":"como-funciona","status":"publish","type":"page","link":"https:\/\/futureboundmiami.org\/es\/como-funciona\/","title":{"rendered":"C\u00f3mo funciona"},"content":{"rendered":"<div class=\"wpb-content-wrapper\"><p>\n          [vc_row][vc_column width=\u00bb1\/6&#8243;][vc_row_inner][vc_column_inner][\/vc_column_inner][\/vc_row_inner][\/vc_column][vc_column width=\u00bb2\/3&#8243; css=\u00bb.vc_custom_1573096454964{padding-right: 5% !important;padding-left: 5% !important;}\u00bb][vc_custom_heading text=\u00bbPara Padres \/ Tutores\u00bb font_container=\u00bbtag:h1|font_size:32px|text_align:center|color:%234dbb83&#8243; use_theme_fonts=\u00bbyes\u00bb][vc_column_text]Future Bound Miami es un programa de Cuenta de Ahorros para Ni\u00f1os (CSA, por sus siglas en ingl\u00e9s) que proporciona una manera simple y efectiva de abrir una cuenta de ahorros para ayudar a su hijo\/a a prepararse para la universidad u otras oportunidades educativas postsecundarias al graduarse de la escuela secundaria.<\/p>\n<p>Puede ser un desaf\u00edo ahorrar para la educaci\u00f3n postsecundaria, pero comenzar temprano puede hacer toda la diferencia en el futuro de su hijo. La investigaci\u00f3n muestra que los ni\u00f1os con cuentas de ahorros con tan solo $1 tienen m\u00e1s probabilidades de seguir la educaci\u00f3n postsecundaria.<\/p>\n<p>Esta es la raz\u00f3n por la que <span style=\"color: #262626;\">un consorcio de organizaciones comunitarias sin fines de lucro lanz\u00f3 Future Bound Miami<\/span>Programa CSA en asociaci\u00f3n con las Escuelas P\u00fablicas del Condado de Miami-Dade (M-DCPS).<\/p>\n<p>Future Bound Miami es una iniciativa de ahorro dise\u00f1ada para hacer que la educaci\u00f3n postsecundaria sea m\u00e1s accesible y promover oportunidades econ\u00f3micas para familias y ni\u00f1os en el condado de Miami-Dade.<\/p>\n<p>Todos los estudiantes de kindergarten elegibles en las Escuelas P\u00fablicas del Condado Miami-Dade tendr\u00e1n la oportunidad de participar y crear una cuenta de ahorros con contribuciones del programa, independientemente del nivel de ingresos o estado migratorio.<\/p>\n<p>\u00a1Visite la <a href=\"https:\/\/futureboundmiami.org\/es\/pagina-de-los-padres\/\" target=\"_blank\" rel=\"noopener\">p\u00e1gina de<\/a> nuestros padres para obtener recursos y anuncios solo para usted![\/vc_column_text][vc_custom_heading text=\u00bb\u00bfQui\u00e9n es elegible?\u00bb font_container=\u00bbtag:h3|font_size:24|text_align:center|color:%23000000&#8243; use_theme_fonts=\u00bbyes\u00bb][vc_column_text]Future Bound Miami est\u00e1 abierto a estudiantes de kindergarten que asisten a escuelas primarias selectas que alimentan a doce escuelas secundarias dentro de las Escuelas P\u00fablicas del Condado Miami-Dade. Durante los pr\u00f3ximos cinco a\u00f1os, nuestro objetivo es hacer que este programa est\u00e9 disponible para todos los estudiantes de kindergarten que asisten a escuelas p\u00fablicas dentro de las M-DCPS.[\/vc_column_text]\n\t\t\t\t<section class=\"expand-item js-expand-item\">\n\t\t\t\t  <div class=\"expand-item__icon\"><\/div>\n\t\t\t\t  <div class=\"expand-item__text js-expand-item-off\">\n\t\t\t\t\tLista de Escuelas Participantes\n\t\t\t\t  <\/div>\n\t\t\t\t  <div class=\"expand-item__text js-expand-item-on\"><p>Ada Merritt K-8 Center<br \/>\nAventura Waterways Elementary<br \/>\nAvocado Elementary<br \/>\nBel-Aire Elementary<br \/>\nBent Tree Elementary<br \/>\nBunche Park Elementary<br \/>\nCaribbean K-8 Center<br \/>\nCharles R Drew K-8 Center<br \/>\nCharles Whyce Elementary<br \/>\nCitrus Grove Elementary<br \/>\nComstock Elementary<br \/>\nCoral Terrace Elementary<br \/>\nCoral Way K-8 Center<br \/>\nCrestview Elementary<br \/>\nCutler Ridge Elementary<br \/>\nDavid Fairchild Elementary<br \/>\nDr. Edward I. Whigham Elementary<br \/>\nDr. William A. Chapman Elementary<br \/>\nEarlington Heights Elementary<br \/>\nEdison Park K-8 Center<br \/>\nEmerson Elementary<br \/>\nEneida M. Hartner Elementary<br \/>\nEthel Koger Beckham Elementary<br \/>\nFlagami Elementary<br \/>\nFrederick Douglass Elementary<br \/>\nGoulds Elementary<br \/>\nGreenglade Elementary<br \/>\nGulfstream Elementary<br \/>\nHibiscus Elementary<br \/>\nHighLand Oaks Elementary<br \/>\nHolmes Elementary<br \/>\nJack David Gordon Elementary<br \/>\nJesse J. McCrary Jr. Elementary<br \/>\nJoe Hall Elementary<br \/>\nJoella Elementary<br \/>\nKelsey L. Pharr Elementary<br \/>\nKensington Park Elementary<br \/>\nLenora B. Smith Elementary<br \/>\nLiberty City Elementary<br \/>\nLillie C. Evans K-8 Center<br \/>\nLudlam Elementary<br \/>\nMadie Ives Elementary<br \/>\nMarjory Stoneman Douglas Elementary<br \/>\nMaya Angelou Elementary<br \/>\nMelrose Elementary<br \/>\nMiami Heights Elementary<br \/>\nMyrtle Grove Elementary<br \/>\nNorland Elementary<br \/>\nNorwood Elementary<br \/>\nOlinda Elementary<br \/>\nOrchard Villa Elementary<br \/>\nPalm Springs North Elementary<br \/>\nParkView Elementary<br \/>\nParkway Elementary<br \/>\nPaul L. Dunbar K-8 Center<br \/>\nPhyllis R Miller Elementary<br \/>\nPhyllis Wheatley Elementary<br \/>\nPine Lake Elementary<br \/>\nPine Villa Elementary<br \/>\nPoinciana Park Elementary<br \/>\nRedland Elementary<br \/>\nRedondo Elementary<br \/>\nRiverside Elementary<br \/>\nRoyal Green Elementary<br \/>\nSanta Clara Elementary<br \/>\nScott Lake Elementary<br \/>\nShadowlawn Elementary<br \/>\nShenandoah Elementary<br \/>\nSouth Miami Heights Elementary<br \/>\nSouth Miami K-8 Center<br \/>\nSouthside Elementary<br \/>\nSpanish Lakes Elementary<br \/>\nSylvania Heights Elementary<br \/>\nToussaint L&#8217; Ouverture Elementary<br \/>\nVillage Green Elementary<br \/>\nWest Homestead K-8 Center<br \/>\nWhispering Pines Elementary<br \/>\nZora Neale Hurston Elementary<\/p>\n\n\t\t\t\t  <\/div>\n\t\t\t<\/section>[vc_empty_space][\/vc_column][vc_column width=\u00bb1\/6&#8243;][\/vc_column][\/vc_row]<br \/>\n          [vc_row][vc_column]\n\t\t<section class=\"benefit-list\" style=\"background-color: #f73759\">\n\t\t\t<div class=\"benefit-list__wrapper\">\n\t      <h2 class=\"benefit-list__heading\">C\u00f3mo funciona<\/h2>\n\t      <ol class=\"benefit-list__list bullet-red\"><li class=\"benefit-list__item benefit-list__item--1\">Configure su cuenta de <a href=\"https:\/\/www3.dadeschools.net\/parents\" target=\"_blank\" rel=\"nofollow\">Portal para Padres de M-DCPS<\/a> y vincule a su hijo\/a a esa cuenta.<\/li><li class=\"benefit-list__item benefit-list__item--2\">Active su cuenta de Future Bound Miami accediendo al Portal para Padres de M-DCPS en l\u00ednea del 4 de noviembre al 6 de diciembre de 2019. Dentro de las 48 horas de la activaci\u00f3n de la cuenta, los estudiantes son elegibles para recibir un incentivo inicial de semilla de hasta $50 depositado en la cuenta. Recibir\u00e1 informaci\u00f3n sobre incentivos adicionales que los estudiantes pueden obtener durante todo el a\u00f1o acad\u00e9mico.<\/li><li class=\"benefit-list__item benefit-list__item--3\">Visite una sucursal de EdFed (formalmente South Florida Educational Federal Credit Union o SFEFCU) cerca de usted y haga su primer dep\u00f3sito de padres en la Cuenta de Future Bound Miami de su hijo.<\/li><\/ol><div class=\"benefit-list__actions\">\n\t\t\t\t\t<a href=\"https:\/\/www3.dadeschools.net\/parents\" class=\"benefit-list__button\"target=\"_blank\">Already enrolled? Access your Savings Tracker here<\/a><\/div><\/div>\n\t\t<\/section>[\/vc_column][\/vc_row]<br \/>\n          [vc_row][vc_column]\n\t\t<section class=\"benefit-list\" style=\"background-color: \">\n\t\t\t<div class=\"benefit-list__wrapper\">\n\t      <h2 class=\"benefit-list__heading\">\u00bfPor qu\u00e9 un programa CSA?<\/h2>\n\t      <ol class=\"benefit-list__list bullet-green\"><li class=\"benefit-list__item benefit-list__item--1\">Se multiplican los ahorros para el futuro a medida que se introducen m\u00e1s incentivos con el tiempo. <\/li><li class=\"benefit-list__item benefit-list__item--2\">Sea parte de una iniciativa de ahorro comunitaria que proporciona apoyo, recursos y educaci\u00f3n financiera. <\/li><li class=\"benefit-list__item benefit-list__item--3\">Aumente las posibilidades de \u00e9xito acad\u00e9mico de su hijo\/a y la obtenci\u00f3n de educaci\u00f3n postsecundaria. <\/li><li class=\"benefit-list__item benefit-list__item--4\">Inspire una conversaci\u00f3n familiar y metas en torno al dinero y los ahorros.<\/li><\/ol><\/div>\n\t\t<\/section>[\/vc_column][\/vc_row]<br \/>\n          [vc_row][vc_column]\n\t\t<section class=\"benefit-list\" style=\"background-color: #f36e21\">\n\t\t\t<div class=\"benefit-list__wrapper\">\n\t      <h2 class=\"benefit-list__heading\">Un futuro mejor comienza con los ahorros<\/h2>\n\t      <ol class=\"benefit-list__list bullet-disable\"><li class=\"benefit-list__item benefit-list__item--1\"><strong>Empezar temprano vale la pena.<\/strong> Tener una Cuenta de Ahorros para Ni\u00f1os le permite multiplicar sus ahorros, recibir apoyo financiero y establece un ejemplo importante de buenos h\u00e1bitos de ahorro para sus hijos.\n<\/li><li class=\"benefit-list__item benefit-list__item--2\"><strong>Invertir en su hijo\/a temprano env\u00eda un mensaje positivo.<\/strong> Los ni\u00f1os con una cuenta de ahorros de $1 a $499 tienen tres veces m\u00e1s probabilidades de inscribirse en la educaci\u00f3n postsecundaria, y cuatro veces m\u00e1s probabilidades de graduarse.<\/li><li class=\"benefit-list__item benefit-list__item--3\"><strong>Ahorrar crea libertad financiera.<\/strong> Ahorrar m\u00e1s ahora puede reducir la deuda de los estudiantes. Los estudiantes que se grad\u00faan de la educaci\u00f3n postsecundaria tambi\u00e9n son m\u00e1s propensos a obtener salarios m\u00e1s altos y son empleados durante per\u00edodos de tiempo m\u00e1s largos.<\/li><\/ol><\/div>\n\t\t<\/section>[\/vc_column][\/vc_row]<br \/>\n          [vc_row css=\u00bb.vc_custom_1573097286946{padding-right: 5% !important;padding-left: 5% !important;}\u00bb][vc_column width=\u00bb1\/6&#8243;][\/vc_column][vc_column width=\u00bb2\/3&#8243; css=\u00bb.vc_custom_1573161687739{margin-bottom: 2em !important;}\u00bb][vc_custom_heading text=\u00bbPara maestros \/ socios de aula\u00bb font_container=\u00bbtag:h2|font_size:24|text_align:center|color:%234dbb83&#8243; use_theme_fonts=\u00bbyes\u00bb css=\u00bb.vc_custom_1573155793637{margin-top: 3rem !important;}\u00bb][vc_column_text]<\/p>\n<p style=\"text-align: center;\">\u00a1Visita nuestra nueva <a href=\"http:\/\/www.futureboundmiami.org\/teachers\">p\u00e1gina del maestro<\/a> solo para ti!<\/p>\n<p>[\/vc_column_text][vc_custom_heading text=\u00bbPara socios comunitarios\u00bb font_container=\u00bbtag:h2|font_size:24|text_align:center|color:%234dbb83&#8243; use_theme_fonts=\u00bbyes\u00bb][vc_column_text]Los miembros de la comunidad, las empresas y las organizaciones son clave para el \u00e9xito del programa de Cuenta de Ahorros para Ni\u00f1os de Future Bound Miami. Es a trav\u00e9s de asociaciones que podemos mejorar la educaci\u00f3n financiera y construir m\u00e1s contribuciones al programa en nuestro programa.<\/p>\n<p>Lo invitamos a ponerse en contacto con nosotros para tener oportunidades de ser voluntario, organizar programas, proporcionar contribuciones al programa o recursos financieros para ni\u00f1os y familias en nuestra comunidad.<\/p>\n<p>Juntos, podemos crear m\u00e1s oportunidades para que cada ni\u00f1o tenga \u00e9xito.[\/vc_column_text][vc_custom_heading text=\u00bbC\u00f3mo participar\u00bb font_container=\u00bbtag:h4|font_size:20|text_align:center|color:%23000000&#8243; use_theme_fonts=\u00bbyes\u00bb][vc_column_text]Para participar, comun\u00edquese con Chris Moreno, Director de Ahorros para Ni\u00f1os, al 786-414-1302 o <a href=\"mailto:ChrisM@CatalystMiami.org\">ChrisM@CatalystMiami.org<\/a>[\/vc_column_text][\/vc_column][vc_column width=\u00bb1\/6&#8243;][\/vc_column][\/vc_row]\n          <\/p>\n<\/div>","protected":false},"excerpt":{"rendered":"<p>[vc_row][vc_column width=\u00bb1\/6&#8243;][vc_row_inner][vc_column_inner][\/vc_column_inner][\/vc_row_inner][\/vc_column][vc_column width=\u00bb2\/3&#8243; css=\u00bb.vc_custom_1573096454964{padding-right: 5% !important;padding-left: 5% !important;}\u00bb][vc_custom_heading text=\u00bbPara Padres \/ Tutores\u00bb font_container=\u00bbtag:h1|font_size:32px|text_align:center|color:%234dbb83&#8243; use_theme_fonts=\u00bbyes\u00bb][vc_column_text]Future Bound Miami es un programa de Cuenta de Ahorros para Ni\u00f1os (CSA, por sus siglas en ingl\u00e9s) que proporciona una manera simple y efectiva de abrir una cuenta de ahorros para ayudar a su hijo\/a a prepararse para la universidad u [&hellip;]<\/p>\n","protected":false},"author":1,"featured_media":91,"parent":0,"menu_order":0,"comment_status":"closed","ping_status":"closed","template":"","meta":{"footnotes":""},"class_list":["post-365","page","type-page","status-publish","has-post-thumbnail","hentry"],"_links":{"self":[{"href":"https:\/\/futureboundmiami.org\/es\/wp-json\/wp\/v2\/pages\/365","targetHints":{"allow":["GET"]}}],"collection":[{"href":"https:\/\/futureboundmiami.org\/es\/wp-json\/wp\/v2\/pages"}],"about":[{"href":"https:\/\/futureboundmiami.org\/es\/wp-json\/wp\/v2\/types\/page"}],"author":[{"embeddable":true,"href":"https:\/\/futureboundmiami.org\/es\/wp-json\/wp\/v2\/users\/1"}],"replies":[{"embeddable":true,"href":"https:\/\/futureboundmiami.org\/es\/wp-json\/wp\/v2\/comments?post=365"}],"version-history":[{"count":68,"href":"https:\/\/futureboundmiami.org\/es\/wp-json\/wp\/v2\/pages\/365\/revisions"}],"predecessor-version":[{"id":1737,"href":"https:\/\/futureboundmiami.org\/es\/wp-json\/wp\/v2\/pages\/365\/revisions\/1737"}],"wp:featuredmedia":[{"embeddable":true,"href":"https:\/\/futureboundmiami.org\/es\/wp-json\/wp\/v2\/media\/91"}],"wp:attachment":[{"href":"https:\/\/futureboundmiami.org\/es\/wp-json\/wp\/v2\/media?parent=365"}],"curies":[{"name":"wp","href":"https:\/\/api.w.org\/{rel}","templated":true}]}}