{"id":359,"date":"2019-12-09T18:15:43","date_gmt":"2019-12-09T23:15:43","guid":{"rendered":"https:\/\/futureboundmiami.org\/casa\/"},"modified":"2022-11-22T14:34:24","modified_gmt":"2022-11-22T19:34:24","slug":"casa","status":"publish","type":"page","link":"https:\/\/futureboundmiami.org\/es\/","title":{"rendered":"Casa"},"content":{"rendered":"<div class=\"wpb-content-wrapper\"><p>[vc_row][vc_column width=\u00bb1\/6&#8243;][\/vc_column][vc_column width=\u00bb2\/3&#8243; css=\u00bb.vc_custom_1572537439610{padding-right: 5% !important;padding-left: 5% !important;}\u00bb][vc_column_text]<\/p>\n<h2 style=\"text-align: center;\"><b>C\u00f3mo funciona:<\/b><\/h2>\n<p><span style=\"font-weight: 400;\">Un comienzo temprano es esencial cuando se trata de ahorrar para el \u00e9xito de nuestros hijos. Las cuentas de ahorro para ni\u00f1os (CSA) de Future Bound Miami son cuenta de ahorro gratuita para la educaci\u00f3n postsecundaria con contribuciones del programa, disponible para estudiantes elegibles de kinder que asisten a las Escuelas P\u00fablicas del Condado de Miami-Dade (M-DCPS). Active su cuenta con la escuela de su hijo y se colocar\u00e1n en la cuenta hasta $50 de un dep\u00f3sito inicial. La escuela de su hijo enviar\u00e1 a casa m\u00e1s informaci\u00f3n sobre c\u00f3mo activar su cuenta durante el a\u00f1o escolar.<\/span>[\/vc_column_text][vc_column_text]<\/p>\n<h2 style=\"text-align: center;\"><b>\u00bfQuien es elegible?<\/b><\/h2>\n<p><span style=\"font-weight: 400;\">A partir del a\u00f1o lectivo 2022-2023, Future Bound Miami est\u00e1 disponible para estudiantes de kinder en las escuelas primarias y en los centros K-8 p\u00fablicas de M-DCPS. Busque la escuela de su hijo en el siguiente mapa.<\/span>[\/vc_column_text][vc_gmaps link=\u00bb#E-8_JTNDaWZyYW1lJTIwc3JjJTNEJTIyaHR0cHMlM0ElMkYlMkZ3d3cuZ29vZ2xlLmNvbSUyRm1hcHMlMkZkJTJGdSUyRjAlMkZlbWJlZCUzRm1pZCUzRDFyLUpZVVNJeUR1RHJVbkJTQW9JOWNEY0gtRV9LbUtTOSUyNmVoYmMlM0QyRTMxMkYlMjIlMjB3aWR0aCUzRCUyMjY0MCUyMiUyMGhlaWdodCUzRCUyMjQ4MCUyMiUzRSUzQyUyRmlmcmFtZSUzRQ==\u00bb size=\u00bb\u00bb title=\u00bbMAPA DE LAS ESCUELAS PARTICIPANTES DE FUTURE BOUND MIAMI\u00bb][vc_column_text]<\/p>\n<p style=\"text-align: center;\"><span style=\"font-weight: 400;\">Haga clic en el enlace a continuaci\u00f3n para ver una lista de las escuelas Future Bound Miami.<\/span><\/p>\n<h3 style=\"text-align: center;\"><strong><a href=\"https:\/\/futureboundmiami.org\/wp-content\/uploads\/2022\/08\/2022-2023-Participating-Schools.pdf\"><strong>LISTA DE ESCUELAS PARTICIPANTES DE FUTURE BOUND MIAMI<\/strong><\/a><\/strong><\/h3>\n<p>[\/vc_column_text][\/vc_column][vc_column width=\u00bb1\/6&#8243;][\/vc_column][\/vc_row][vc_row][vc_column]\n\t\t<section class=\"block-list\">\n\t\t\t<div class=\"block-list__wrapper\">\n\t      <h2 class=\"block-list__heading\">Inscribirse es f\u00e1cil. \u00a1Comienza hoy mismo!<\/h2>\n\t      <ul class=\"block-list__list\">\n\t\t      <li class=\"block-list__item block-list__item--1\">1. Firme y devuelva los formularios de consentimiento enviados a casa por la escuela de su hijo<\/li>\n\t\t      <li class=\"block-list__item block-list__item--2\">2. Active su rastreador de cuentas de ahorros a trav\u00e9s del portal de estudiantes de las M-DCPS<\/li>\n\t\t      <li class=\"block-list__item block-list__item--3\">3. Haga el primer dep\u00f3sito en la futura cuenta de Miami con destino<\/li>\n\t\t\t\t<\/ul>\n\t      <a href=\"https:\/\/futureboundmiami.org\/wp-content\/uploads\/2022\/11\/Future-Bound-Miami-Parent-Brochure-1.pdf\" class=\"block-list__button\"target=\"_blank\">\u00a1Empiece hoy!<\/a>\n\t      <div class=\"block-list__text\"><\/div>\n\t\t\t<\/div>\n    <\/section>[\/vc_column][\/vc_row][vc_row gap=\u00bb20&#8243; css=\u00bb.vc_custom_1583942037487{margin-right: 5% !important;margin-bottom: 2rem !important;margin-left: 5% !important;}\u00bb][vc_column][vc_column_text css=\u00bb.vc_custom_1669145572586{margin-top: 4rem !important;margin-bottom: 1rem !important;}\u00bb]<\/p>\n<h1 style=\"text-align: center;\"><b>Recursos<\/b><\/h1>\n<h4 style=\"text-align: center;\"><a href=\"https:\/\/futureboundmiami.org\/wp-content\/uploads\/2022\/11\/Future-Bound-Miami-Parent-Brochure-1.pdf\"><b>LEA EL FOLLETO DE ACTIVACI\u00d3N<\/b><\/a><\/h4>\n<p>[\/vc_column_text][vc_row_inner][vc_column_inner][vc_single_image image=\u00bb1923&#8243; alignment=\u00bbcenter\u00bb onclick=\u00bbcustom_link\u00bb css=\u00bb.vc_custom_1660835478716{padding-top: 25px !important;}\u00bb][\/vc_column_inner][vc_column_inner width=\u00bb1\/4&#8243;][\/vc_column_inner][vc_column_inner width=\u00bb1\/2&#8243;][vc_column_text css=\u00bb.vc_custom_1668807134002{padding-right: 0px !important;padding-left: 0px !important;}\u00bb]<\/p>\n<p style=\"text-align: center;\"><span style=\"font-weight: 400;\">Nuestro seminario virtual con la Academia de Padres de las M-DCPS lo ayudar\u00e1\u00a0<\/span><span style=\"font-weight: 400;\">\u00a0a obtener m\u00e1s informaci\u00f3n sobre c\u00f3mo abrir su cuenta de ahorros gratuita y le brindar\u00e1\u00a0<\/span><span style=\"font-weight: 400;\">\u00a0consejos generales sobre c\u00f3mo ahorrar para el futuro de su hijo. Estas sesiones se\u00a0 ofrecen en ingl\u00e9s, espa\u00f1ol y criollo haitiano.<\/span><\/p>\n<p>[\/vc_column_text][\/vc_column_inner][vc_column_inner width=\u00bb1\/4&#8243;][\/vc_column_inner][\/vc_row_inner][vc_row_inner][vc_column_inner width=\u00bb1\/3&#8243;][vc_column_text]<\/p>\n<h4 style=\"text-align: center;\"><strong>English Videos:<\/strong><\/h4>\n<p style=\"text-align: center;\"><a href=\"https:\/\/www.eduvision.tv\/l?etLRORg\">What is Future Bound Miami?<\/a><\/p>\n<p>[\/vc_column_text][\/vc_column_inner][vc_column_inner width=\u00bb1\/3&#8243;][vc_column_text]<\/p>\n<h4 style=\"text-align: center;\"><strong>V\u00eddeos en espa\u00f1ol<\/strong><strong>:<\/strong><\/h4>\n<p style=\"text-align: center;\"><a href=\"https:\/\/www.eduvision.tv\/l?etLROgA\">\u00bfQu\u00e9 es Future Bound Miami?<\/a><\/p>\n<p style=\"text-align: center;\">[\/vc_column_text][\/vc_column_inner][vc_column_inner width=\u00bb1\/3&#8243;][vc_column_text]<\/p>\n<h4 style=\"text-align: center;\"><strong>Videyo Kreyol:<\/strong><\/h4>\n<p style=\"text-align: center;\"><a href=\"https:\/\/www.eduvision.tv\/l?etLROgg\">Ki sa ki Future Bound Miami?<\/a><\/p>\n<p style=\"text-align: center;\"><span style=\"font-weight: 400;\">\u00a0<\/span><\/p>\n<p>[\/vc_column_text][\/vc_column_inner][\/vc_row_inner][vc_single_image image=\u00bb2048&#8243; img_size=\u00bbmedium\u00bb alignment=\u00bbcenter\u00bb][\/vc_column][\/vc_row][vc_row][vc_column][vc_column_text]<\/p>\n<h4 style=\"text-align: center;\"><strong>HAGA UN DEP\u00d3SITO EN EDFED<\/strong><\/h4>\n<p style=\"text-align: center;\"><span style=\"font-weight: 400;\">(Conocido formalmente como South Florida Educational Federal Credit Union o SFEFCU)<\/span><\/p>\n<p style=\"text-align: center;\"><a href=\"https:\/\/rebrand.ly\/EdFedBranches\" target=\"_blank\" rel=\"noopener noreferrer\"><span style=\"font-weight: 400;\">Lista de sucursales de EdFed<\/span><\/a><\/p>\n<p>[\/vc_column_text][\/vc_column][\/vc_row]<\/p>\n<\/div>","protected":false},"excerpt":{"rendered":"<p>[vc_row][vc_column width=\u00bb1\/6&#8243;][\/vc_column][vc_column width=\u00bb2\/3&#8243; css=\u00bb.vc_custom_1572537439610{padding-right: 5% !important;padding-left: 5% !important;}\u00bb][vc_column_text] C\u00f3mo funciona: Un comienzo temprano es esencial cuando se trata de ahorrar para el \u00e9xito de nuestros hijos. Las cuentas de ahorro para ni\u00f1os (CSA) de Future Bound Miami son cuenta de ahorro gratuita para la educaci\u00f3n postsecundaria con contribuciones del programa, disponible para estudiantes elegibles de [&hellip;]<\/p>\n","protected":false},"author":1,"featured_media":361,"parent":0,"menu_order":0,"comment_status":"closed","ping_status":"closed","template":"","meta":{"footnotes":""},"class_list":["post-359","page","type-page","status-publish","has-post-thumbnail","hentry"],"_links":{"self":[{"href":"https:\/\/futureboundmiami.org\/es\/wp-json\/wp\/v2\/pages\/359","targetHints":{"allow":["GET"]}}],"collection":[{"href":"https:\/\/futureboundmiami.org\/es\/wp-json\/wp\/v2\/pages"}],"about":[{"href":"https:\/\/futureboundmiami.org\/es\/wp-json\/wp\/v2\/types\/page"}],"author":[{"embeddable":true,"href":"https:\/\/futureboundmiami.org\/es\/wp-json\/wp\/v2\/users\/1"}],"replies":[{"embeddable":true,"href":"https:\/\/futureboundmiami.org\/es\/wp-json\/wp\/v2\/comments?post=359"}],"version-history":[{"count":192,"href":"https:\/\/futureboundmiami.org\/es\/wp-json\/wp\/v2\/pages\/359\/revisions"}],"predecessor-version":[{"id":2171,"href":"https:\/\/futureboundmiami.org\/es\/wp-json\/wp\/v2\/pages\/359\/revisions\/2171"}],"wp:featuredmedia":[{"embeddable":true,"href":"https:\/\/futureboundmiami.org\/es\/wp-json\/wp\/v2\/media\/361"}],"wp:attachment":[{"href":"https:\/\/futureboundmiami.org\/es\/wp-json\/wp\/v2\/media?parent=359"}],"curies":[{"name":"wp","href":"https:\/\/api.w.org\/{rel}","templated":true}]}}