{"id":351,"date":"2019-12-09T18:15:07","date_gmt":"2019-12-09T23:15:07","guid":{"rendered":"https:\/\/futureboundmiami.org\/preguntas-mas-frecuentes\/"},"modified":"2022-11-22T15:45:37","modified_gmt":"2022-11-22T20:45:37","slug":"preguntas-mas-frecuentes","status":"publish","type":"page","link":"https:\/\/futureboundmiami.org\/es\/preguntas-mas-frecuentes\/","title":{"rendered":"Preguntas m\u00e1s frecuentes"},"content":{"rendered":"<div class=\"wpb-content-wrapper\"><p>[vc_row][vc_column width=\u00bb1\/6&#8243; css=\u00bb.vc_custom_1574022579449{background-color: #ffffff !important;}\u00bb][\/vc_column][vc_column width=\u00bb2\/3&#8243; css=\u00bb.vc_custom_1574022559930{background-color: #ffffff !important;}\u00bb][vc_custom_heading text=\u00bbPreguntas frecuentes\u00bb font_container=\u00bbtag:h2|font_size:30|text_align:center|color:%23e83c5c\u00bb use_theme_fonts=\u00bbyes\u00bb css=\u00bb.vc_custom_1573155837368{margin-top: 3rem !important;}\u00bb][vc_custom_heading text=\u00bbElegibilidad y participaci\u00f3n\u00bb font_container=\u00bbtag:h3|font_size:24|text_align:center|color:%234dbb83&#8243; use_theme_fonts=\u00bbyes\u00bb]\n\t\t\t\t<section class=\"expand-item js-expand-item\">\n\t\t\t\t  <div class=\"expand-item__icon\"><\/div>\n\t\t\t\t  <div class=\"expand-item__text js-expand-item-off\">\n\t\t\t\t\t\u00bfQu\u00e9 es Future Bound Miami?\n\t\t\t\t  <\/div>\n\t\t\t\t  <div class=\"expand-item__text js-expand-item-on\"><p>Future Bound Miami es un programa de ahorros desarrollado por un grupo confiable de organizaciones de Miami para aumentar el n\u00famero de nuestros estudiantes que planean asistir a la universidad o escuelas vocacionales despu\u00e9s de graduarse de la escuela secundaria. Future Bound Miami espera lograr esto al (1) patrocinar cuentas de ahorro universales para ni\u00f1os, y (2) ayudar a las familias con educaci\u00f3n financiera y a desarrollar h\u00e1bitos de ahorro entre los ni\u00f1os y los padres\/tutores.<\/p>\n\n\t\t\t\t  <\/div>\n\t\t\t<\/section>\n\t\t\t\t<section class=\"expand-item js-expand-item\">\n\t\t\t\t  <div class=\"expand-item__icon\"><\/div>\n\t\t\t\t  <div class=\"expand-item__text js-expand-item-off\">\n\t\t\t\t\t\u00bfQui\u00e9n es elegible para participar en el Programa Future Bound Miami?\n\t\t\t\t  <\/div>\n\t\t\t\t  <div class=\"expand-item__text js-expand-item-on\"><p><span style=\"font-weight: 400;\">As of the 2022- 2023 school year,<\/span> <span style=\"font-weight: 400;\">Future Bound Miami is available at participating public elementary schools and K-8 centers across M-DCPS. Click <\/span><a href=\"http:\/\/futureboundmiami.org\"><b>here<\/b><\/a><span style=\"font-weight: 400;\"> to see if your school is participating.<\/span><\/p>\n\n\t\t\t\t  <\/div>\n\t\t\t<\/section>\n\t\t\t\t<section class=\"expand-item js-expand-item\">\n\t\t\t\t  <div class=\"expand-item__icon\"><\/div>\n\t\t\t\t  <div class=\"expand-item__text js-expand-item-off\">\n\t\t\t\t\t\u00bfC\u00f3mo est\u00e1 involucrada la escuela de mi hijo\/a en el programa Future Bound Miami?\n\t\t\t\t  <\/div>\n\t\t\t\t  <div class=\"expand-item__text js-expand-item-on\"><p>Future Bound Miami trabaja con M-DCPS y las escuelas participantes para compartir informaci\u00f3n sobre el programa Future Bound Miami, apoyar a las familias para que participen, y coordinar oportunidades de educaci\u00f3n financiera tanto para estudiantes como para padres\/tutores.<\/p>\n\n\t\t\t\t  <\/div>\n\t\t\t<\/section>\n\t\t\t\t<section class=\"expand-item js-expand-item\">\n\t\t\t\t  <div class=\"expand-item__icon\"><\/div>\n\t\t\t\t  <div class=\"expand-item__text js-expand-item-off\">\n\t\t\t\t\t\u00bfEl estatus de inmigraci\u00f3n afecta la capacidad de mi hijo\/a para participar?\n\t\t\t\t  <\/div>\n\t\t\t\t  <div class=\"expand-item__text js-expand-item-on\"><p>No. El estatus migratorio no afecta la capacidad de un estudiante o familia para participar porque las cuentas de Future Bound Miami est\u00e1n a nombre y las administra Catalyst Miami, no por ninguna persona individual.<\/p>\n\n\t\t\t\t  <\/div>\n\t\t\t<\/section>\n\t\t\t\t<section class=\"expand-item js-expand-item\">\n\t\t\t\t  <div class=\"expand-item__icon\"><\/div>\n\t\t\t\t  <div class=\"expand-item__text js-expand-item-off\">\n\t\t\t\t\t\u00bfTener una cuenta de Future Bound Miami afecta la calificaci\u00f3n para beneficios p\u00fablicos?\n\t\t\t\t  <\/div>\n\t\t\t\t  <div class=\"expand-item__text js-expand-item-on\"><p>No. Tener una cuenta no afecta la solicitud de beneficios p\u00fablicos de un estudiante o familia porque las cuentas de Future Bound Miami est\u00e1n a nombre de y las administra Catalyst Miami, no una persona individual.<\/p>\n\n\t\t\t\t  <\/div>\n\t\t\t<\/section>\n\t\t\t\t<section class=\"expand-item js-expand-item\">\n\t\t\t\t  <div class=\"expand-item__icon\"><\/div>\n\t\t\t\t  <div class=\"expand-item__text js-expand-item-off\">\n\t\t\t\t\tYa tengo un Plan Universitario Prepagado de Florida, un Plan de Ahorros Florida 529 y\/o estaba planeando comenzar uno para mi estudiante. \u00bfPodemos seguir participando?\n\t\t\t\t  <\/div>\n\t\t\t\t  <div class=\"expand-item__text js-expand-item-on\"><p>S\u00ed, todav\u00eda puede ser parte del programa Future Bound Miami adem\u00e1s de otros planes de ahorro universitarios\/educativos.<\/p>\n\n\t\t\t\t  <\/div>\n\t\t\t<\/section>\n\t\t\t\t<section class=\"expand-item js-expand-item\">\n\t\t\t\t  <div class=\"expand-item__icon\"><\/div>\n\t\t\t\t  <div class=\"expand-item__text js-expand-item-off\">\n\t\t\t\t\tMi hijo\/a est\u00e1 inscrito en una escuela participante de Future Bound Miami, pero ya ha completado el kindergarten. \u00bfA\u00fan pueden participar?\n\t\t\t\t  <\/div>\n\t\t\t\t  <div class=\"expand-item__text js-expand-item-on\"><p>No. A partir de ahora, el programa Future Bound Miami est\u00e1 dise\u00f1ado para comenzar cuando un ni\u00f1o est\u00e1 en el kindergarten.<\/p>\n\n\t\t\t\t  <\/div>\n\t\t\t<\/section>\n\t\t\t\t<section class=\"expand-item js-expand-item\">\n\t\t\t\t  <div class=\"expand-item__icon\"><\/div>\n\t\t\t\t  <div class=\"expand-item__text js-expand-item-off\">\n\t\t\t\t\t\u00bfC\u00f3mo los ahorros, incluso los ahorros modestos, hacen una diferencia en la capacidad de un ni\u00f1o para pasar a una educaci\u00f3n postsecundaria?\n\t\t\t\t  <\/div>\n\t\t\t\t  <div class=\"expand-item__text js-expand-item-on\"><p>Los ni\u00f1os que tienen una cuenta de ahorros y un plan para la educaci\u00f3n postsecundaria son m\u00e1s propensos a asistir y graduarse con una credencial postsecundaria (Grado de Asociado, Certificaci\u00f3n Comercial, etc.). Las investigaciones muestran que los ni\u00f1os con una cuenta de ahorros de s\u00f3lo $1 a $499 tienen tres veces m\u00e1s probabilidades de inscribirse en la universidad y m\u00e1s de cuatro veces m\u00e1s probabilidades de graduarse con un t\u00edtulo. Se espera que las cuentas de Future Bound Miami de los estudiantes participantes crezcan con el tiempo, a trav\u00e9s de recompensas adicionales y apoyo comunitario, haciendo de la educaci\u00f3n postsecundaria una parte del futuro de cada ni\u00f1o.<\/p>\n\n\t\t\t\t  <\/div>\n\t\t\t<\/section>[vc_custom_heading text=\u00bbActivaci\u00f3n de cuentas, dep\u00f3sitos e incentivos\u00bb font_container=\u00bbtag:h3|font_size:24|text_align:center|color:%234dbb83&#8243; use_theme_fonts=\u00bbyes\u00bb]\n\t\t\t\t<section class=\"expand-item js-expand-item\">\n\t\t\t\t  <div class=\"expand-item__icon\"><\/div>\n\t\t\t\t  <div class=\"expand-item__text js-expand-item-off\">\n\t\t\t\t\t\u00bfC\u00f3mo activo la cuenta de mi estudiante?\n\t\t\t\t  <\/div>\n\t\t\t\t  <div class=\"expand-item__text js-expand-item-on\"><p>La escuela de su hijo enviar\u00e1 a casa m\u00e1s informaci\u00f3n sobre c\u00f3mo activar su cuenta durante el a\u00f1o escolar. Tendr\u00e1 que firmar un formulario y devolverlo al Future Bound Miami Champion de su escuela o al maestro de su hijo.<\/p>\n\n\t\t\t\t  <\/div>\n\t\t\t<\/section>\n\t\t\t\t<section class=\"expand-item js-expand-item\">\n\t\t\t\t  <div class=\"expand-item__icon\"><\/div>\n\t\t\t\t  <div class=\"expand-item__text js-expand-item-off\">\n\t\t\t\t\t\u00bfD\u00f3nde se mantienen los fondos?\n\t\t\t\t  <\/div>\n\t\t\t\t  <div class=\"expand-item__text js-expand-item-on\"><p><span style=\"font-weight: 400;\">Funds will be held at EdFed, the<\/span> <span style=\"font-weight: 400;\">Educational Federal Credit Union. F<\/span>ormally known as the South Florida Educational Federal Credit Union (SFEFCU). For a complete list of branch locations and hours, please visit <a href=\"https:\/\/www.edfed.org\/about\/locations-and-hours\/\">rebrand.ly\/EdFedBranches<\/a><\/p>\n\n\t\t\t\t  <\/div>\n\t\t\t<\/section>\n\t\t\t\t<section class=\"expand-item js-expand-item\">\n\t\t\t\t  <div class=\"expand-item__icon\"><\/div>\n\t\t\t\t  <div class=\"expand-item__text js-expand-item-off\">\n\t\t\t\t\t\u00bfQu\u00e9 tipo de cuenta es?\n\t\t\t\t  <\/div>\n\t\t\t\t  <div class=\"expand-item__text js-expand-item-on\"><p>Este es un dep\u00f3sito<span style=\"font-weight: 400;\">&#8211;<\/span><span style=\"font-weight: 400;\">, lo cual significa que los fondos permanecen seguros hasta que el estudiante se grad\u00fae de una escuela secundaria p\u00fablica M-DCPS. Future Bound Miami se encarga de las cuentas en beneficio del estudiante. Su estudiante ser\u00e1 nombrado como beneficiario en la cuenta.<\/span><\/p>\n\n\t\t\t\t  <\/div>\n\t\t\t<\/section>\n\t\t\t\t<section class=\"expand-item js-expand-item\">\n\t\t\t\t  <div class=\"expand-item__icon\"><\/div>\n\t\t\t\t  <div class=\"expand-item__text js-expand-item-off\">\n\t\t\t\t\t\u00bfQu\u00e9 informaci\u00f3n recibe Future Bound Miami sobre m\u00ed y mi hijo\/a?\n\t\t\t\t  <\/div>\n\t\t\t\t  <div class=\"expand-item__text js-expand-item-on\"><p><span style=\"font-weight: 400;\">Future Bound Miami recibir\u00e1 informaci\u00f3n limitada solo despu\u00e9s de que el padre\/tutor d\u00e9 permiso.<\/span><\/p>\n<p>Las M-DCPS compartir\u00e1n las siguientes piezas de informaci\u00f3n con Future Bound Miami para cada estudiante participante solo despu\u00e9s de que un padre autorice a las M-DCPS a hacerlo durante el Per\u00edodo de Activaci\u00f3n de la Cuenta:<\/p>\n<ul>\n<li>N\u00fameros de identificaci\u00f3n de estudiantes y padres \u00fanicos al programa<\/li>\n<li>Nombre completo del estudiante<\/li>\n<li>Fecha de nacimiento del estudiante<\/li>\n<li>Direcci\u00f3n del estudiante<\/li>\n<li>Si la direcci\u00f3n del estudiante cambia<\/li>\n<li>N\u00famero de tel\u00e9fono del estudiante<\/li>\n<li>Nombre de la escuela del estudiante<\/li>\n<li>Nivel de grado actual del estudiante<\/li>\n<li>Idioma(s) hablado(s) en casa del estudiante<\/li>\n<li>Si el estudiante participa en el Programa de Comidas Gratis y Reducidas (Free &amp; Reduced Meals Program)<\/li>\n<li>Transferencias a otras escuelas, si las hubiera, tanto dentro como fuera del sistema M-DCPS.<\/li>\n<\/ul>\n<p>Future Bound Miami tambi\u00e9n recibe la siguiente informaci\u00f3n de hasta dos padres\/tutores por estudiante participante:<\/p>\n<ul>\n<li>Nombre completo del padre\/tutor<\/li>\n<li>Direcci\u00f3n de correo electr\u00f3nico del padre\/tutor<\/li>\n<li>N\u00famero de tel\u00e9fono m\u00f3vil y\/u otro n\u00famero de tel\u00e9fono de padre\/tutor<\/li>\n<\/ul>\n\n\t\t\t\t  <\/div>\n\t\t\t<\/section>\n\t\t\t\t<section class=\"expand-item js-expand-item\">\n\t\t\t\t  <div class=\"expand-item__icon\"><\/div>\n\t\t\t\t  <div class=\"expand-item__text js-expand-item-off\">\n\t\t\t\t\t\u00bfTengo que proporcionar el N\u00famero de Seguro Social del estudiante u otra informaci\u00f3n de identificaci\u00f3n?\n\t\t\t\t  <\/div>\n\t\t\t\t  <div class=\"expand-item__text js-expand-item-on\"><p>No. Catalyst Miami (la organizaci\u00f3n sin fines de lucro que administra Future Bound Miami) es el propietario de la cuenta en beneficio del estudiante. La informaci\u00f3n anterior es la \u00fanica informaci\u00f3n proporcionada a Future Bound Miami por M-DCPS despu\u00e9s de que un padre\/tutor d\u00e9 permiso para acceder a la informaci\u00f3n durante la activaci\u00f3n de la cuenta. No se compartir\u00e1 informaci\u00f3n fuera de los socios autorizados del programa.<\/p>\n\n\t\t\t\t  <\/div>\n\t\t\t<\/section>\n\t\t\t\t<section class=\"expand-item js-expand-item\">\n\t\t\t\t  <div class=\"expand-item__icon\"><\/div>\n\t\t\t\t  <div class=\"expand-item__text js-expand-item-off\">\n\t\t\t\t\t\u00bfQu\u00e9 es VistaShare y c\u00f3mo se relaciona con el programa Future Bound Miami?\n\t\t\t\t  <\/div>\n\t\t\t\t  <div class=\"expand-item__text js-expand-item-on\"><p>VistaShare es una empresa de tecnolog\u00eda contratada por Catalyst Miami (la organizaci\u00f3n sin fines de lucro que administra Future Bound Miami) que proporciona software para almacenar de forma segura la informaci\u00f3n personal sobre ni\u00f1os y padres\/tutores y para crear cuentas de Future Bound Miami. El software VistaShare, llamado el Savings Tracker, tambi\u00e9n permite que los padres\/tutores y familiares de los ni\u00f1os participantes vean los saldos de su cuenta de ahorros tanto de los dep\u00f3sitos como de los incentivos obtenidos.<\/p>\n\n\t\t\t\t  <\/div>\n\t\t\t<\/section>\n\t\t\t\t<section class=\"expand-item js-expand-item\">\n\t\t\t\t  <div class=\"expand-item__icon\"><\/div>\n\t\t\t\t  <div class=\"expand-item__text js-expand-item-off\">\n\t\t\t\t\t\u00bfQu\u00e9 informaci\u00f3n personal recibir\u00e1 VistaShare sobre mi hijo\/a y yo?\n\t\t\t\t  <\/div>\n\t\t\t\t  <div class=\"expand-item__text js-expand-item-on\"><p>VistaShare tendr\u00e1 acceso al software que almacena la informaci\u00f3n de los participantes para que pueda proporcionar apoyo t\u00e9cnico. El software almacena la informaci\u00f3n b\u00e1sica sobre las familias proporcionada por el M-DCPS, el valor de los fondos de incentivo asignados a cada participante, y los dep\u00f3sitos realizados y el valor de la cuenta que una familia tiene en su cuenta de Future Bound Miami.<\/p>\n\n\t\t\t\t  <\/div>\n\t\t\t<\/section>\n\t\t\t\t<section class=\"expand-item js-expand-item\">\n\t\t\t\t  <div class=\"expand-item__icon\"><\/div>\n\t\t\t\t  <div class=\"expand-item__text js-expand-item-off\">\n\t\t\t\t\t\u00bfQui\u00e9n puede preguntar sobre o ver la cuenta de mi estudiante?\n\t\t\t\t  <\/div>\n\t\t\t\t  <div class=\"expand-item__text js-expand-item-on\"><p>Solo los padres\/tutores y Catalyst Miami (la organizaci\u00f3n sin fines de lucro que administra Future Bound Miami) podr\u00e1n acceder al Future Bound Miami Savings Tracker, ingresando al Portal para Padres M-DCPS que les permitir\u00e1 ver los registros de dep\u00f3sitos, los incentivos ganados, y actualizar direcciones.<\/p>\n\n\t\t\t\t  <\/div>\n\t\t\t<\/section>\n\t\t\t\t<section class=\"expand-item js-expand-item\">\n\t\t\t\t  <div class=\"expand-item__icon\"><\/div>\n\t\t\t\t  <div class=\"expand-item__text js-expand-item-off\">\n\t\t\t\t\t\u00bfQu\u00e9 cargos se har\u00e1n a la cuenta?\n\t\t\t\t  <\/div>\n\t\t\t\t  <div class=\"expand-item__text js-expand-item-on\"><p>La cuenta no est\u00e1 sujeta a cargos.<\/p>\n\n\t\t\t\t  <\/div>\n\t\t\t<\/section>\n\t\t\t\t<section class=\"expand-item js-expand-item\">\n\t\t\t\t  <div class=\"expand-item__icon\"><\/div>\n\t\t\t\t  <div class=\"expand-item__text js-expand-item-off\">\n\t\t\t\t\t\u00bfHay una cantidad m\u00ednima de dep\u00f3sito?\n\t\t\t\t  <\/div>\n\t\t\t\t  <div class=\"expand-item__text js-expand-item-on\"><p>No. Se aceptan dep\u00f3sitos de cualquier cantidad y no se requiere saldo m\u00ednimo para participar.<\/p>\n\n\t\t\t\t  <\/div>\n\t\t\t<\/section>\n\t\t\t\t<section class=\"expand-item js-expand-item\">\n\t\t\t\t  <div class=\"expand-item__icon\"><\/div>\n\t\t\t\t  <div class=\"expand-item__text js-expand-item-off\">\n\t\t\t\t\t\u00bfC\u00f3mo hago dep\u00f3sitos en la cuenta de mi estudiante?\n\t\t\t\t  <\/div>\n\t\t\t\t  <div class=\"expand-item__text js-expand-item-on\"><p>You can make deposits in person at any EdFed branch. For a complete list of branch locations and hours, please visit <a href=\"https:\/\/www.edfed.org\/about\/locations-and-hours\/\">rebrand.ly\/EdFedBranches<\/a><\/p>\n\n\t\t\t\t  <\/div>\n\t\t\t<\/section>\n\t\t\t\t<section class=\"expand-item js-expand-item\">\n\t\t\t\t  <div class=\"expand-item__icon\"><\/div>\n\t\t\t\t  <div class=\"expand-item__text js-expand-item-off\">\n\t\t\t\t\t\u00bfLa cuenta gana intereses y, si es as\u00ed, c\u00f3mo se paga?\n\t\t\t\t  <\/div>\n\t\t\t\t  <div class=\"expand-item__text js-expand-item-on\"><p>Yes, accounts earn interest. Interest will be compounded and credited to the savings account on a quarterly basis. <span style=\"font-weight: 400;\">To learn more about the interest rates at EdFed visit. <\/span><span style=\"font-weight: 400;\">To learn more about the interest rates at EdFed visit <\/span><a href=\"https:\/\/www.edfed.org\/rates\/personal\/\"><b>rebrand.ly\/EdFedRates<\/b><\/a><\/p>\n\n\t\t\t\t  <\/div>\n\t\t\t<\/section>\n\t\t\t\t<section class=\"expand-item js-expand-item\">\n\t\t\t\t  <div class=\"expand-item__icon\"><\/div>\n\t\t\t\t  <div class=\"expand-item__text js-expand-item-off\">\n\t\t\t\t\t\u00bfYo o el estudiante tenemos que reclamar los intereses obtenidos como ingresos?\n\t\t\t\t  <\/div>\n\t\t\t\t  <div class=\"expand-item__text js-expand-item-on\"><p>Catalyst Miami (la organizaci\u00f3n sin fines de lucro que administra Future Bound Miami) es propietaria de la cuenta y cualquier inter\u00e9s ganado no tendr\u00e1 que ser reclamado como ingreso para el estudiante o la familia.<\/p>\n\n\t\t\t\t  <\/div>\n\t\t\t<\/section>\n\t\t\t\t<section class=\"expand-item js-expand-item\">\n\t\t\t\t  <div class=\"expand-item__icon\"><\/div>\n\t\t\t\t  <div class=\"expand-item__text js-expand-item-off\">\n\t\t\t\t\t\u00bfMis dep\u00f3sitos son deducibles de impuestos?\n\t\t\t\t  <\/div>\n\t\t\t\t  <div class=\"expand-item__text js-expand-item-on\"><p>No.<\/p>\n\n\t\t\t\t  <\/div>\n\t\t\t<\/section>\n\t\t\t\t<section class=\"expand-item js-expand-item\">\n\t\t\t\t  <div class=\"expand-item__icon\"><\/div>\n\t\t\t\t  <div class=\"expand-item__text js-expand-item-off\">\n\t\t\t\t\t\u00bfC\u00f3mo pueden los estudiantes ganar contribuciones al programa?\n\t\t\t\t  <\/div>\n\t\t\t\t  <div class=\"expand-item__text js-expand-item-on\"><p><span style=\"font-weight: 400;\">Each school year, you will receive information about specific program contributions the student can earn during that academic year on our Parent\u2019s Page, through our newsletter, and our social media pages. Upon account activation, initial deposit funds are placed into The Miami Foundation in the name of your student. This initial deposit is provided by Miami-Dade County and the City of Miami. Parents\/guardians, family, friends, etc. may make additional deposits into an account at any EdFed branch. No withdrawals may be made by anyone during the course of the program unless a student leaves the school district and\/or parents\/guardians choose to close the account.<\/span><\/p>\n\n\t\t\t\t  <\/div>\n\t\t\t<\/section>\n\t\t\t\t<section class=\"expand-item js-expand-item\">\n\t\t\t\t  <div class=\"expand-item__icon\"><\/div>\n\t\t\t\t  <div class=\"expand-item__text js-expand-item-off\">\n\t\t\t\t\t\u00bfC\u00f3mo se invierten y gestionan los fondos de incentivos y dep\u00f3sitos?\n\t\t\t\t  <\/div>\n\t\t\t\t  <div class=\"expand-item__text js-expand-item-on\"><p>Todas las recompensas de incentivos son invertidas y administradas por The Miami Foundation. Los estudiantes no ganan ning\u00fan inter\u00e9s en las recompensas de incentivos. Una vez que los estudiantes participantes se grad\u00faan de una escuela secundaria M-DCPS, son elegibles para recibir todos los fondos de incentivos obtenidos a lo largo de su carrera acad\u00e9mica. Los fondos depositados por padres, familiares, amigos, etc. son retenidos y administrados por EdFed. Aunque los fondos de EdFed no est\u00e1n invertidos en el mercado, s\u00ed ganan intereses. Las tasas de inter\u00e9s var\u00edan y se calculan trimestralmente. Cada trimestre puede iniciar sesi\u00f3n en el Future Bound Miami Savings Tracker para ver la cantidad de intereses obtenidos de sus dep\u00f3sitos en EdFed.<\/p>\n\n\t\t\t\t  <\/div>\n\t\t\t<\/section>[vc_custom_heading text=\u00bbCierre de cuentas y retiros de fondos\u00bb font_container=\u00bbtag:h3|font_size:24|text_align:center|color:%234dbb83&#8243; use_theme_fonts=\u00bbyes\u00bb]\n\t\t\t\t<section class=\"expand-item js-expand-item\">\n\t\t\t\t  <div class=\"expand-item__icon\"><\/div>\n\t\t\t\t  <div class=\"expand-item__text js-expand-item-off\">\n\t\t\t\t\t\u00bfC\u00f3mo se pueden utilizar los fondos de la cuenta?\n\t\t\t\t  <\/div>\n\t\t\t\t  <div class=\"expand-item__text js-expand-item-on\"><p>Los fondos se pueden utilizar para cualquier gasto educativo que califica, despu\u00e9s de la graduaci\u00f3n de la escuela secundaria. Tales gastos pueden incluir, pero no se limitan a: matr\u00edcula, cuotas obligatorias, libros, suministros y equipo requerido para la inscripci\u00f3n o asistencia, o para cualquier otro costo necesario para asistir a la escuela, incluyendo viajes hacia y desde la escuela, o para la solicitar a la escuela.<\/p>\n\n\t\t\t\t  <\/div>\n\t\t\t<\/section>\n\t\t\t\t<section class=\"expand-item js-expand-item\">\n\t\t\t\t  <div class=\"expand-item__icon\"><\/div>\n\t\t\t\t  <div class=\"expand-item__text js-expand-item-off\">\n\t\t\t\t\t\u00bfC\u00f3mo retiro fondos de una cuenta de Future Bound Miami?\n\t\t\t\t  <\/div>\n\t\t\t\t  <div class=\"expand-item__text js-expand-item-on\"><p>Las cuentas de Future Bound Miami son cuentas solo de dep\u00f3sito. El prop\u00f3sito de estas cuentas es ahorrar fondos para la educaci\u00f3n postsecundaria del estudiante, que no ser\u00e1n tocados hasta la finalizaci\u00f3n de la escuela secundaria. A medida que se acerque la graduaci\u00f3n de la escuela secundaria, se proporcionar\u00e1 informaci\u00f3n para explicar el proceso de retiro de fondos.<\/p>\n\n\t\t\t\t  <\/div>\n\t\t\t<\/section>\n\t\t\t\t<section class=\"expand-item js-expand-item\">\n\t\t\t\t  <div class=\"expand-item__icon\"><\/div>\n\t\t\t\t  <div class=\"expand-item__text js-expand-item-off\">\n\t\t\t\t\t\u00bfHay penalizaciones por retirar fondos temprano?\n\t\t\t\t  <\/div>\n\t\t\t\t  <div class=\"expand-item__text js-expand-item-on\"><p>Si un estudiante deja el distrito de las M-DCPS antes de completar el programa y el padre\/tutor decide cerrar la cuenta del estudiante, <strong>todos los d\u00f3lares <\/strong>de contribuci\u00f3n no pertenecientes al programa ganados durante su carrera escolar ser\u00e1n <strong>devueltos al estudiante.<\/strong> Sin embargo, <strong>todos los d\u00f3lares de contribuci\u00f3n<\/strong> del programa ganados a trav\u00e9s de la participaci\u00f3n en el programa ser\u00e1n <strong>devueltos al Programa Future Bound Miami.<\/strong><\/p>\n\n\t\t\t\t  <\/div>\n\t\t\t<\/section>\n\t\t\t\t<section class=\"expand-item js-expand-item\">\n\t\t\t\t  <div class=\"expand-item__icon\"><\/div>\n\t\t\t\t  <div class=\"expand-item__text js-expand-item-off\">\n\t\t\t\t\t\u00bfY si nos movemos?\n\t\t\t\t  <\/div>\n\t\t\t\t  <div class=\"expand-item__text js-expand-item-on\"><p>If the student moves within the M-DCPS district, he or she will still be considered a participant in the program and can continue to make deposits. The student will be eligible for program contributions if the Future Bound Miami Program is available at that school. If moving outside the district, the student will still have access to his or her account but will not be eligible for program contributions. Update your address by contacting Future Bound Miami or using the Future Bound Miami Savings Tracker on the M-DCPS Student Portal.<\/p>\n\n\t\t\t\t  <\/div>\n\t\t\t<\/section>[\/vc_column][vc_column width=\u00bb1\/6&#8243; css=\u00bb.vc_custom_1574022595809{background-color: #ffffff !important;}\u00bb][\/vc_column][\/vc_row][vc_row][vc_column][vc_empty_space][\/vc_column][\/vc_row]<\/p>\n<\/div>","protected":false},"excerpt":{"rendered":"<p>[vc_row][vc_column width=\u00bb1\/6&#8243; css=\u00bb.vc_custom_1574022579449{background-color: #ffffff !important;}\u00bb][\/vc_column][vc_column width=\u00bb2\/3&#8243; css=\u00bb.vc_custom_1574022559930{background-color: #ffffff !important;}\u00bb][vc_custom_heading text=\u00bbPreguntas frecuentes\u00bb font_container=\u00bbtag:h2|font_size:30|text_align:center|color:%23e83c5c\u00bb use_theme_fonts=\u00bbyes\u00bb css=\u00bb.vc_custom_1573155837368{margin-top: 3rem !important;}\u00bb][vc_custom_heading text=\u00bbElegibilidad y participaci\u00f3n\u00bb font_container=\u00bbtag:h3|font_size:24|text_align:center|color:%234dbb83&#8243; use_theme_fonts=\u00bbyes\u00bb][vc_custom_heading text=\u00bbActivaci\u00f3n de cuentas, dep\u00f3sitos e incentivos\u00bb font_container=\u00bbtag:h3|font_size:24|text_align:center|color:%234dbb83&#8243; use_theme_fonts=\u00bbyes\u00bb][vc_custom_heading text=\u00bbCierre de cuentas y retiros de fondos\u00bb font_container=\u00bbtag:h3|font_size:24|text_align:center|color:%234dbb83&#8243; use_theme_fonts=\u00bbyes\u00bb][\/vc_column][vc_column width=\u00bb1\/6&#8243; css=\u00bb.vc_custom_1574022595809{background-color: #ffffff !important;}\u00bb][\/vc_column][\/vc_row][vc_row][vc_column][vc_empty_space][\/vc_column][\/vc_row]<\/p>\n","protected":false},"author":1,"featured_media":170,"parent":0,"menu_order":0,"comment_status":"closed","ping_status":"closed","template":"","meta":{"footnotes":""},"class_list":["post-351","page","type-page","status-publish","has-post-thumbnail","hentry"],"_links":{"self":[{"href":"https:\/\/futureboundmiami.org\/es\/wp-json\/wp\/v2\/pages\/351","targetHints":{"allow":["GET"]}}],"collection":[{"href":"https:\/\/futureboundmiami.org\/es\/wp-json\/wp\/v2\/pages"}],"about":[{"href":"https:\/\/futureboundmiami.org\/es\/wp-json\/wp\/v2\/types\/page"}],"author":[{"embeddable":true,"href":"https:\/\/futureboundmiami.org\/es\/wp-json\/wp\/v2\/users\/1"}],"replies":[{"embeddable":true,"href":"https:\/\/futureboundmiami.org\/es\/wp-json\/wp\/v2\/comments?post=351"}],"version-history":[{"count":83,"href":"https:\/\/futureboundmiami.org\/es\/wp-json\/wp\/v2\/pages\/351\/revisions"}],"predecessor-version":[{"id":2185,"href":"https:\/\/futureboundmiami.org\/es\/wp-json\/wp\/v2\/pages\/351\/revisions\/2185"}],"wp:featuredmedia":[{"embeddable":true,"href":"https:\/\/futureboundmiami.org\/es\/wp-json\/wp\/v2\/media\/170"}],"wp:attachment":[{"href":"https:\/\/futureboundmiami.org\/es\/wp-json\/wp\/v2\/media?parent=351"}],"curies":[{"name":"wp","href":"https:\/\/api.w.org\/{rel}","templated":true}]}}