{"id":271,"date":"2019-12-09T18:11:19","date_gmt":"2019-12-09T23:11:19","guid":{"rendered":"https:\/\/futureboundmiami.org\/sobre-nosotros\/"},"modified":"2022-11-16T15:49:32","modified_gmt":"2022-11-16T20:49:32","slug":"sobre-nosotros","status":"publish","type":"page","link":"https:\/\/futureboundmiami.org\/es\/sobre-nosotros\/","title":{"rendered":"Sobre nosotros"},"content":{"rendered":"<div class=\"wpb-content-wrapper\"><p>[vc_row][vc_column width=\u00bb1\/6&#8243;][\/vc_column][vc_column width=\u00bb2\/3&#8243; css=\u00bb.vc_custom_1573132910092{padding-right: 5% !important;padding-left: 5% !important;}\u00bb][vc_custom_heading text=\u00bbSobre nosotros\u00bb font_container=\u00bbtag:h1|font_size:28|text_align:center|color:%23000000&#8243; use_theme_fonts=\u00bbyes\u00bb][vc_column_text]Future Bound Miami es el primer programa universal de Cuenta de Ahorros para Ni\u00f1os (CSA, por sus siglas en) en el estado de Florida. Nuestro objetivo es mejorar la preparaci\u00f3n financiera para la educaci\u00f3n postsecundaria para estudiantes y familias en las Escuelas P\u00fablicas del Condado de Miami-Dade.<\/p>\n<p>Establecidos por un consorcio de socios comunitarios, estamos comprometidos a trabajar juntos para crear m\u00e1s recursos para el avance educativo y econ\u00f3mico de las familias Miami-Dade. Creemos que los educadores y las partes interesadas de la comunidad son clave para ayudar a nuestros hijos a alcanzar sus sue\u00f1os.<\/p>\n<p>El objetivo de Future Bound Miami es ampliar las oportunidades para que los estudiantes pasen a la educaci\u00f3n postsecundaria.[\/vc_column_text][\/vc_column][vc_column width=\u00bb1\/6&#8243;][\/vc_column][\/vc_row][vc_row][vc_column]\n\t\t<section class=\"benefit-list\" style=\"background-color: #e83c5c\">\n\t\t\t<div class=\"benefit-list__wrapper\">\n\t      <h2 class=\"benefit-list__heading\">Lo que hacemos<\/h2>\n\t      <ol class=\"benefit-list__list bullet-red\"><li class=\"benefit-list__item benefit-list__item--1\">Proporcionamos Cuentas de Ahorro para Ni\u00f1os (CSA, por sus n.o, por sus) para reservar fondos para la educaci\u00f3n postsecundaria a los estudiantes elegibles de kindergarten que asisten a las Escuelas P\u00fablicas del Condado de Miami-Dade.<\/li><li class=\"benefit-list__item benefit-list__item--2\">Capacitamos a los estudiantes y sus familias para lograr la prosperidad financiera proporcionando herramientas, recursos y educaci\u00f3n financiera.<\/li><li class=\"benefit-list__item benefit-list__item--3\">Inspiramos a nuestra comunidad a unirse e invertir en nuestros hijos a trav\u00e9s de asociaciones e incentivos de recompensa. <\/li><li class=\"benefit-list__item benefit-list__item--4\">Fortalecemos la preparaci\u00f3n postsecundaria para nuestros hijos a trav\u00e9s de eventos y educaci\u00f3n en nuestras aulas y en la comunidad. <\/li><\/ol><\/div>\n\t\t<\/section>[\/vc_column][\/vc_row][vc_row][vc_column]\n\t\t<section class=\"benefit-list\" style=\"background-color: \">\n\t\t\t<div class=\"benefit-list__wrapper\">\n\t      <h2 class=\"benefit-list__heading\">\u00bfPor qu\u00e9 un programa CSA?<\/h2>\n\t      <ol class=\"benefit-list__list bullet-green\"><li class=\"benefit-list__item benefit-list__item--1\">Las investigaciones muestran que los ni\u00f1os con una cuenta de ahorros de entre $1 y $499 tienen tres veces m\u00e1s probabilidades de inscribirse en la educaci\u00f3n postsecundaria, y m\u00e1s de cuatro veces m\u00e1s probabilidades de graduarse. Adem\u00e1s, los ni\u00f1os que tienen una cuenta de ahorros a su nombre tienen seis veces m\u00e1s probabilidades de ir a la universidad en comparaci\u00f3n con aquellos sin ahorros.<\/li><li class=\"benefit-list__item benefit-list__item--2\">Los programas de CSA mejoran el desarrollo de la primera infancia y el rendimiento acad\u00e9mico. <\/li><li class=\"benefit-list__item benefit-list__item--3\">Se ha demostrado que los programas de CSA mejoran la capacidad financiera del futuro de un ni\u00f1o y reducen la brecha de riqueza. <\/li><\/ol><div class=\"benefit-list__actions\">\n\t\t\t\t\t<a href=\"https:\/\/futureboundmiami.org\/wp-content\/uploads\/2022\/11\/Future-Bound-Miami-Parent-Brochure-1.pdf\" class=\"benefit-list__button\"target=\"_blank\">\u00a1EMPIECE HOY!<\/a><\/div><\/div>\n\t\t<\/section>[\/vc_column][\/vc_row][vc_row][vc_column width=\u00bb1\/6&#8243;][\/vc_column][vc_column width=\u00bb2\/3&#8243; css=\u00bb.vc_custom_1573153790515{padding-right: 5% !important;padding-left: 5% !important;}\u00bb][vc_custom_heading text=\u00bbQui\u00e9nes somos\u00bb font_container=\u00bbtag:h1|font_size:28|text_align:center|color:%23000000&#8243; use_theme_fonts=\u00bbyes\u00bb css=\u00bb.vc_custom_1573223054621{margin-top: 3rem !important;}\u00bb][vc_column_text]En 2017, Catalyst Miami, en asociaci\u00f3n con Sant La Haitian Neighborhood Center, lider\u00f3 a un grupo de partes interesadas p\u00fablicas y privadas para explorar una oportunidad para crear un programa CSA para los ni\u00f1os y las familias del condado de Miami-Dade. Desde las reuniones iniciales de partes interesadas, un equipo examin\u00f3 programas exitosos de CSA de todo el pa\u00eds e investig\u00f3 varios modelos para dise\u00f1ar un programa que satisfaga las necesidades de los ni\u00f1os y las familias del Condado de Miami-Dade.<\/p>\n<p>Con fondos iniciales de Citi Community Development, The Children&#8217;s Trust y United Way, nos propusimos crear un programa de CSA universal para invertir en los ni\u00f1os de nuestra comunidad. Ahora, con m\u00e1s de una docena de socios, nuestro programa CSA proporciona una herramienta para ampliar las oportunidades educativas y econ\u00f3micas para los j\u00f3venes y sus familias.[\/vc_column_text][vc_separator][vc_custom_heading text=\u00bbNuestros socios\u00bb font_container=\u00bbtag:h1|font_size:28|text_align:center|color:%23000000&#8243; use_theme_fonts=\u00bbyes\u00bb][vc_column_text el_class=\u00bbfutureboundmiami-logo-list\u00bb]<\/p>\n<p style=\"text-align: center;\"><a href=\"http:\/\/www.catalystmiami.org\"><img loading=\"lazy\" decoding=\"async\" class=\"alignnone wp-image-122\" src=\"https:\/\/futureboundmiami.org\/wp-content\/uploads\/2019\/11\/logo-catalyst-miami-300x84.png\" alt=\"Catalyst Miami\" width=\"178\" height=\"50\" \/><\/a>\u00a0 \u00a0 \u00a0 \u00a0 \u00a0 \u00a0<a href=\"https:\/\/www.childrensmovementflorida.org\/\"><img loading=\"lazy\" decoding=\"async\" class=\"alignnone wp-image-117\" src=\"https:\/\/futureboundmiami.org\/wp-content\/uploads\/2019\/11\/logo-childrens-movement-300x68.png\" alt=\"The Children's Movement\" width=\"220\" height=\"50\" srcset=\"https:\/\/futureboundmiami.org\/wp-content\/uploads\/2019\/11\/logo-childrens-movement-300x68.png 300w, https:\/\/futureboundmiami.org\/wp-content\/uploads\/2019\/11\/logo-childrens-movement.png 446w\" sizes=\"auto, (max-width: 220px) 100vw, 220px\" \/><\/a>\u00a0 \u00a0 \u00a0 \u00a0 \u00a0 \u00a0<a href=\"https:\/\/www.thechildrenstrust.org\/\"><img loading=\"lazy\" decoding=\"async\" class=\"alignnone wp-image-1132 \" src=\"https:\/\/futureboundmiami.org\/wp-content\/uploads\/2021\/04\/TCT_logo_color-Transp_HD-300x206.png\" alt=\"\" width=\"135\" height=\"93\" srcset=\"https:\/\/futureboundmiami.org\/wp-content\/uploads\/2021\/04\/TCT_logo_color-Transp_HD-300x206.png 300w, https:\/\/futureboundmiami.org\/wp-content\/uploads\/2021\/04\/TCT_logo_color-Transp_HD-1024x703.png 1024w, https:\/\/futureboundmiami.org\/wp-content\/uploads\/2021\/04\/TCT_logo_color-Transp_HD-768x527.png 768w, https:\/\/futureboundmiami.org\/wp-content\/uploads\/2021\/04\/TCT_logo_color-Transp_HD.png 1430w\" sizes=\"auto, (max-width: 135px) 100vw, 135px\" \/><\/a>\u00a0 \u00a0 \u00a0 \u00a0<a href=\"https:\/\/www.miamigov.com\/Home\"><img loading=\"lazy\" decoding=\"async\" class=\"alignnone wp-image-124\" src=\"https:\/\/futureboundmiami.org\/wp-content\/uploads\/2019\/11\/logo-city-of-miami.png\" alt=\"The City of Miami\" width=\"90\" height=\"90\" \/><\/a><\/p>\n<p>[\/vc_column_text][vc_column_text el_class=\u00bbfutureboundmiami-logo-list\u00bb]<\/p>\n<p style=\"text-align: center;\"><a href=\"https:\/\/www.edfed.org\/\"><img loading=\"lazy\" decoding=\"async\" class=\"alignnone wp-image-2046\" src=\"https:\/\/futureboundmiami.org\/wp-content\/uploads\/2022\/10\/EdFed_Logo_RGB_No_Servicemark-300x109.png\" alt=\"\" width=\"206\" height=\"75\" srcset=\"https:\/\/futureboundmiami.org\/wp-content\/uploads\/2022\/10\/EdFed_Logo_RGB_No_Servicemark-300x109.png 300w, https:\/\/futureboundmiami.org\/wp-content\/uploads\/2022\/10\/EdFed_Logo_RGB_No_Servicemark-1024x372.png 1024w, https:\/\/futureboundmiami.org\/wp-content\/uploads\/2022\/10\/EdFed_Logo_RGB_No_Servicemark-768x279.png 768w, https:\/\/futureboundmiami.org\/wp-content\/uploads\/2022\/10\/EdFed_Logo_RGB_No_Servicemark-1536x559.png 1536w, https:\/\/futureboundmiami.org\/wp-content\/uploads\/2022\/10\/EdFed_Logo_RGB_No_Servicemark.png 1584w\" sizes=\"auto, (max-width: 206px) 100vw, 206px\" \/><\/a>\u00a0 \u00a0<a href=\"https:\/\/hfsf.org\/\"><img loading=\"lazy\" decoding=\"async\" class=\"alignnone wp-image-1585\" src=\"https:\/\/futureboundmiami.org\/wp-content\/uploads\/2021\/06\/8027184-logo-300x100.png\" alt=\"\" width=\"186\" height=\"62\" srcset=\"https:\/\/futureboundmiami.org\/wp-content\/uploads\/2021\/06\/8027184-logo-300x100.png 300w, https:\/\/futureboundmiami.org\/wp-content\/uploads\/2021\/06\/8027184-logo-768x255.png 768w, https:\/\/futureboundmiami.org\/wp-content\/uploads\/2021\/06\/8027184-logo.png 958w\" sizes=\"auto, (max-width: 186px) 100vw, 186px\" \/><\/a>\u00a0 \u00a0 \u00a0<a href=\"https:\/\/miami.ja.org\/\"><img loading=\"lazy\" decoding=\"async\" class=\" wp-image-1990\" src=\"https:\/\/futureboundmiami.org\/wp-content\/uploads\/2022\/08\/Junior_Achievement_USA-300x100.jpg\" alt=\"\" width=\"219\" height=\"73\" srcset=\"https:\/\/futureboundmiami.org\/wp-content\/uploads\/2022\/08\/Junior_Achievement_USA-300x100.jpg 300w, https:\/\/futureboundmiami.org\/wp-content\/uploads\/2022\/08\/Junior_Achievement_USA.jpg 500w\" sizes=\"auto, (max-width: 219px) 100vw, 219px\" \/><\/a>\u00a0 \u00a0 <a href=\"https:\/\/www.miamidade.gov\/global\/home.page\"><img loading=\"lazy\" decoding=\"async\" class=\"alignnone wp-image-1891\" src=\"https:\/\/futureboundmiami.org\/wp-content\/uploads\/2022\/03\/download.png\" alt=\"\" width=\"138\" height=\"63\" \/><\/a><\/p>\n<p>[\/vc_column_text][vc_column_text el_class=\u00bbfutureboundmiami-logo-list\u00bb]<\/p>\n<p style=\"text-align: center;\"><a href=\"https:\/\/www3.dadeschools.net\/home\"><img loading=\"lazy\" decoding=\"async\" class=\"alignnone wp-image-1975\" src=\"https:\/\/futureboundmiami.org\/wp-content\/uploads\/2022\/08\/MDCPS-Logo-300x300-1-300x300.png\" alt=\"\" width=\"85\" height=\"85\" srcset=\"https:\/\/futureboundmiami.org\/wp-content\/uploads\/2022\/08\/MDCPS-Logo-300x300-1.png 300w, https:\/\/futureboundmiami.org\/wp-content\/uploads\/2022\/08\/MDCPS-Logo-300x300-1-150x150.png 150w\" sizes=\"auto, (max-width: 85px) 100vw, 85px\" \/><\/a>\u00a0 \u00a0<a href=\"https:\/\/miamifoundation.org\/\"><img loading=\"lazy\" decoding=\"async\" class=\"alignnone wp-image-114\" src=\"https:\/\/futureboundmiami.org\/wp-content\/uploads\/2019\/11\/logo-miami-foundation-300x130.png\" alt=\"The Miami Foundation\" width=\"134\" height=\"58\" srcset=\"https:\/\/futureboundmiami.org\/wp-content\/uploads\/2019\/11\/logo-miami-foundation-300x130.png 300w, https:\/\/futureboundmiami.org\/wp-content\/uploads\/2019\/11\/logo-miami-foundation.png 312w\" sizes=\"auto, (max-width: 134px) 100vw, 134px\" \/><\/a>\u00a0 \u00a0\u00a0 <a href=\"https:\/\/www.santla.org\/\"><img loading=\"lazy\" decoding=\"async\" class=\"alignnone wp-image-119\" src=\"https:\/\/futureboundmiami.org\/wp-content\/uploads\/2019\/11\/logo-sant-la-300x121.png\" alt=\"Sant La - Haitian Neighborhood Center\" width=\"201\" height=\"81\" \/><\/a>\u00a0 \u00a0\u00a0 \u00a0\u00a0<a href=\"https:\/\/unitedwaymiami.org\/\"><img loading=\"lazy\" decoding=\"async\" class=\"alignnone wp-image-1965\" src=\"https:\/\/futureboundmiami.org\/wp-content\/uploads\/2022\/08\/UWM_Pantone_2021@2x-300x182.png\" alt=\"\" width=\"136\" height=\"83\" srcset=\"https:\/\/futureboundmiami.org\/wp-content\/uploads\/2022\/08\/UWM_Pantone_2021@2x-300x182.png 300w, https:\/\/futureboundmiami.org\/wp-content\/uploads\/2022\/08\/UWM_Pantone_2021@2x.png 314w\" sizes=\"auto, (max-width: 136px) 100vw, 136px\" \/><\/a><\/p>\n<p>[\/vc_column_text][vc_separator][vc_custom_heading text=\u00bbNuestros Funders\u00bb font_container=\u00bbtag:h1|font_size:28|text_align:center|color:%23000000&#8243; use_theme_fonts=\u00bbyes\u00bb][vc_column_text el_class=\u00bbfutureboundmiami-logo-list\u00bb]<\/p>\n<p style=\"text-align: center;\">Program funded in part by Citi Community Development and<\/p>\n<p style=\"text-align: center;\"><a href=\"https:\/\/www.bankofamerica.com\/\"><img loading=\"lazy\" decoding=\"async\" class=\"alignnone wp-image-230\" src=\"https:\/\/futureboundmiami.org\/wp-content\/uploads\/2019\/11\/bofa-300x166.png\" alt=\"Bank of America logo\" width=\"150\" height=\"83\" \/><\/a>\u00a0 \u00a0 \u00a0 \u00a0 \u00a0 \u00a0 \u00a0<a href=\"https:\/\/www.catalystmiami.org\/\"><img loading=\"lazy\" decoding=\"async\" class=\"alignnone wp-image-122\" src=\"https:\/\/futureboundmiami.org\/wp-content\/uploads\/2019\/11\/logo-catalyst-miami-300x84.png\" alt=\"Catalyst Miami\" width=\"190\" height=\"53\" \/><\/a>\u00a0 \u00a0 \u00a0 \u00a0 <a href=\"https:\/\/www.thechildrenstrust.org\/\" rel=\"attachment wp-att-1132\"><img loading=\"lazy\" decoding=\"async\" class=\"alignnone wp-image-1132 \" src=\"https:\/\/futureboundmiami.org\/wp-content\/uploads\/2021\/04\/TCT_logo_color-Transp_HD-300x206.png\" alt=\"The Children's Trust logo\" width=\"166\" height=\"114\" srcset=\"https:\/\/futureboundmiami.org\/wp-content\/uploads\/2021\/04\/TCT_logo_color-Transp_HD-300x206.png 300w, https:\/\/futureboundmiami.org\/wp-content\/uploads\/2021\/04\/TCT_logo_color-Transp_HD-1024x703.png 1024w, https:\/\/futureboundmiami.org\/wp-content\/uploads\/2021\/04\/TCT_logo_color-Transp_HD-768x527.png 768w, https:\/\/futureboundmiami.org\/wp-content\/uploads\/2021\/04\/TCT_logo_color-Transp_HD.png 1430w\" sizes=\"auto, (max-width: 166px) 100vw, 166px\" \/><\/a><\/p>\n<p>[\/vc_column_text][vc_column_text el_class=\u00bbfutureboundmiami-logo-list\u00bb]<\/p>\n<p style=\"text-align: center;\"><a href=\"https:\/\/www.miamigov.com\/Home\"><img loading=\"lazy\" decoding=\"async\" class=\"\" src=\"https:\/\/futureboundmiami.org\/wp-content\/uploads\/2019\/11\/logo-city-of-miami.png\" alt=\"The City of Miami\" width=\"81\" height=\"81\" \/><\/a>\u00a0 \u00a0 \u00a0 \u00a0 \u00a0 \u00a0 <a href=\"https:\/\/www.edfed.org\/\"><img loading=\"lazy\" decoding=\"async\" class=\"alignnone wp-image-2046\" src=\"https:\/\/futureboundmiami.org\/wp-content\/uploads\/2022\/10\/EdFed_Logo_RGB_No_Servicemark-300x109.png\" alt=\"\" width=\"187\" height=\"68\" srcset=\"https:\/\/futureboundmiami.org\/wp-content\/uploads\/2022\/10\/EdFed_Logo_RGB_No_Servicemark-300x109.png 300w, https:\/\/futureboundmiami.org\/wp-content\/uploads\/2022\/10\/EdFed_Logo_RGB_No_Servicemark-1024x372.png 1024w, https:\/\/futureboundmiami.org\/wp-content\/uploads\/2022\/10\/EdFed_Logo_RGB_No_Servicemark-768x279.png 768w, https:\/\/futureboundmiami.org\/wp-content\/uploads\/2022\/10\/EdFed_Logo_RGB_No_Servicemark-1536x559.png 1536w, https:\/\/futureboundmiami.org\/wp-content\/uploads\/2022\/10\/EdFed_Logo_RGB_No_Servicemark.png 1584w\" sizes=\"auto, (max-width: 187px) 100vw, 187px\" \/><\/a>\u00a0 \u00a0 \u00a0 <a href=\"https:\/\/hfsf.org\/\"><img loading=\"lazy\" decoding=\"async\" class=\"wp-image-1585 aligncenter\" src=\"https:\/\/futureboundmiami.org\/wp-content\/uploads\/2021\/06\/8027184-logo.png\" alt=\"\" width=\"205\" height=\"68\" srcset=\"https:\/\/futureboundmiami.org\/wp-content\/uploads\/2021\/06\/8027184-logo.png 958w, https:\/\/futureboundmiami.org\/wp-content\/uploads\/2021\/06\/8027184-logo-300x100.png 300w, https:\/\/futureboundmiami.org\/wp-content\/uploads\/2021\/06\/8027184-logo-768x255.png 768w\" sizes=\"auto, (max-width: 205px) 100vw, 205px\" \/><\/a><\/p>\n<p>[\/vc_column_text][vc_column_text]<\/p>\n<p style=\"text-align: center;\">\u00a0 <a href=\"https:\/\/miamifoundation.org\/jmperezfamilyfoundation\/\"><img loading=\"lazy\" decoding=\"async\" class=\"alignnone wp-image-231\" src=\"https:\/\/futureboundmiami.org\/wp-content\/uploads\/2019\/11\/JMPFF_Logo_Black-300x59.png\" alt=\"JMPFF-logo\" width=\"275\" height=\"54\" srcset=\"https:\/\/futureboundmiami.org\/wp-content\/uploads\/2019\/11\/JMPFF_Logo_Black-300x59.png 300w, https:\/\/futureboundmiami.org\/wp-content\/uploads\/2019\/11\/JMPFF_Logo_Black.png 720w\" sizes=\"auto, (max-width: 275px) 100vw, 275px\" \/><\/a><a href=\"https:\/\/www.robleefoundation.org\/\"><img loading=\"lazy\" decoding=\"async\" class=\"alignnone wp-image-1968\" src=\"https:\/\/futureboundmiami.org\/wp-content\/uploads\/2022\/08\/Roblee-Foundation-300x150.png\" alt=\"\" width=\"166\" height=\"83\" srcset=\"https:\/\/futureboundmiami.org\/wp-content\/uploads\/2022\/08\/Roblee-Foundation-300x150.png 300w, https:\/\/futureboundmiami.org\/wp-content\/uploads\/2022\/08\/Roblee-Foundation.png 600w\" sizes=\"auto, (max-width: 166px) 100vw, 166px\" \/><\/a>\u00a0 \u00a0 <a href=\"https:\/\/www.miamidade.gov\/global\/home.page\"><img loading=\"lazy\" decoding=\"async\" class=\"\" src=\"https:\/\/futureboundmiami.org\/wp-content\/uploads\/2022\/03\/download.png\" width=\"145\" height=\"66\" \/><\/a> \u00a0\u00a0 \u00a0 \u00a0\u00a0<a href=\"https:\/\/unitedwaymiami.org\/\"><img loading=\"lazy\" decoding=\"async\" class=\"alignnone wp-image-1965\" src=\"https:\/\/futureboundmiami.org\/wp-content\/uploads\/2022\/08\/UWM_Pantone_2021@2x-300x182.png\" alt=\"\" width=\"142\" height=\"86\" srcset=\"https:\/\/futureboundmiami.org\/wp-content\/uploads\/2022\/08\/UWM_Pantone_2021@2x-300x182.png 300w, https:\/\/futureboundmiami.org\/wp-content\/uploads\/2022\/08\/UWM_Pantone_2021@2x.png 314w\" sizes=\"auto, (max-width: 142px) 100vw, 142px\" \/><\/a><\/p>\n<p>[\/vc_column_text][vc_separator][vc_column_text]<\/p>\n<h1 style=\"text-align: center;\">\n            <span style=\"color: #4dbb7b;\">C\u00d3MO PARTICIPAR<\/span><\/h1>\n<p>[\/vc_column_text][vc_column_text]<\/p>\n<p style=\"text-align: left;\">Los miembros de la comunidad, las empresas y las organizaciones son clave para el \u00e9xito del programa de Cuenta de Ahorros para Ni\u00f1os de Future Bound Miami. Es a trav\u00e9s de asociaciones que podemos mejorar la educaci\u00f3n financiera y construir m\u00e1s contribuciones al programa en nuestro programa.<\/p>\n<p style=\"text-align: left;\">Lo invitamos a ponerse en contacto con nosotros para tener oportunidades de ser voluntario, organizar programas, proporcionar contribuciones al programa o recursos financieros para ni\u00f1os y familias en nuestra comunidad.<\/p>\n<p style=\"text-align: left;\">Juntos, podemos crear caminos hacia adelante para que cada ni\u00f1o tenga \u00e9xito.<\/p>\n<p>Para obtener m\u00e1s informaci\u00f3n, comun\u00edquese con Chris Moreno, Director de Ahorros para Ni\u00f1os, al 786-414-1302 o ChrisM@CatalystMiami.org[\/vc_column_text][\/vc_column][vc_column width=\u00bb1\/6&#8243;][\/vc_column][\/vc_row][vc_row][vc_column][\/vc_column][\/vc_row]<\/p>\n<\/div>","protected":false},"excerpt":{"rendered":"<p>[vc_row][vc_column width=\u00bb1\/6&#8243;][\/vc_column][vc_column width=\u00bb2\/3&#8243; css=\u00bb.vc_custom_1573132910092{padding-right: 5% !important;padding-left: 5% !important;}\u00bb][vc_custom_heading text=\u00bbSobre nosotros\u00bb font_container=\u00bbtag:h1|font_size:28|text_align:center|color:%23000000&#8243; use_theme_fonts=\u00bbyes\u00bb][vc_column_text]Future Bound Miami es el primer programa universal de Cuenta de Ahorros para Ni\u00f1os (CSA, por sus siglas en) en el estado de Florida. Nuestro objetivo es mejorar la preparaci\u00f3n financiera para la educaci\u00f3n postsecundaria para estudiantes y familias en las Escuelas P\u00fablicas del [&hellip;]<\/p>\n","protected":false},"author":1,"featured_media":335,"parent":0,"menu_order":0,"comment_status":"closed","ping_status":"closed","template":"","meta":{"footnotes":""},"class_list":["post-271","page","type-page","status-publish","has-post-thumbnail","hentry"],"_links":{"self":[{"href":"https:\/\/futureboundmiami.org\/es\/wp-json\/wp\/v2\/pages\/271","targetHints":{"allow":["GET"]}}],"collection":[{"href":"https:\/\/futureboundmiami.org\/es\/wp-json\/wp\/v2\/pages"}],"about":[{"href":"https:\/\/futureboundmiami.org\/es\/wp-json\/wp\/v2\/types\/page"}],"author":[{"embeddable":true,"href":"https:\/\/futureboundmiami.org\/es\/wp-json\/wp\/v2\/users\/1"}],"replies":[{"embeddable":true,"href":"https:\/\/futureboundmiami.org\/es\/wp-json\/wp\/v2\/comments?post=271"}],"version-history":[{"count":101,"href":"https:\/\/futureboundmiami.org\/es\/wp-json\/wp\/v2\/pages\/271\/revisions"}],"predecessor-version":[{"id":2122,"href":"https:\/\/futureboundmiami.org\/es\/wp-json\/wp\/v2\/pages\/271\/revisions\/2122"}],"wp:featuredmedia":[{"embeddable":true,"href":"https:\/\/futureboundmiami.org\/es\/wp-json\/wp\/v2\/media\/335"}],"wp:attachment":[{"href":"https:\/\/futureboundmiami.org\/es\/wp-json\/wp\/v2\/media?parent=271"}],"curies":[{"name":"wp","href":"https:\/\/api.w.org\/{rel}","templated":true}]}}